{"id":456,"date":"2024-02-14T15:58:09","date_gmt":"2024-02-14T14:58:09","guid":{"rendered":"https:\/\/www.gentleminds.fr\/?page_id=456"},"modified":"2026-03-13T13:25:04","modified_gmt":"2026-03-13T12:25:04","slug":"codir-comex","status":"publish","type":"page","link":"https:\/\/www.gentleminds.fr\/index.php\/codir-comex\/","title":{"rendered":"Codir &amp; Comex"},"content":{"rendered":"\t\t<div data-elementor-type=\"wp-page\" data-elementor-id=\"456\" class=\"elementor elementor-456\" data-elementor-post-type=\"page\">\n\t\t\t\t<div class=\"elementor-element elementor-element-1f1f114 e-con-full e-flex e-con e-parent\" data-id=\"1f1f114\" data-element_type=\"container\" data-settings=\"{&quot;background_background&quot;:&quot;classic&quot;}\">\n\t\t<div class=\"elementor-element elementor-element-3673531 e-con-full e-flex e-con e-child\" data-id=\"3673531\" data-element_type=\"container\">\n\t\t\t\t<div class=\"elementor-element elementor-element-f35261e elementor-widget__width-initial elementor-widget elementor-widget-icon-box\" data-id=\"f35261e\" data-element_type=\"widget\" data-widget_type=\"icon-box.default\">\n\t\t\t\t<div class=\"elementor-widget-container\">\n\t\t\t\t\t<div class=\"elementor-icon-box-wrapper\">\n\n\t\t\t\n\t\t\t\t\t\t<div class=\"elementor-icon-box-content\">\n\n\t\t\t\t\t\t\t\t\t<h3 class=\"elementor-icon-box-title\">\n\t\t\t\t\t\t<span  >\n\t\t\t\t\t\t\tVous \u00eates membres de Codir ou de Comex\t\t\t\t\t\t<\/span>\n\t\t\t\t\t<\/h3>\n\t\t\t\t\n\t\t\t\t\t\t\t\t\t<p class=\"elementor-icon-box-description\">\n\t\t\t\t\t\tVous \u00eates la colonne vert\u00e9brale de toute entreprise prosp\u00e8re. \n\nVous faites partie des leaders et des experts pour piloter les d\u00e9cisions li\u00e9es \u00e0 l'organisation de l'entreprise.Vous participez \u00e0 la strat\u00e9gie de votre entreprise\t\t\t\t\t<\/p>\n\t\t\t\t\n\t\t\t<\/div>\n\t\t\t\n\t\t<\/div>\n\t\t\t\t<\/div>\n\t\t\t\t<\/div>\n\t\t\t\t<\/div>\n\t\t\t\t<\/div>\n\t\t<div class=\"elementor-element elementor-element-b3b42ad e-con-full e-flex e-con e-parent\" data-id=\"b3b42ad\" data-element_type=\"container\" data-settings=\"{&quot;background_background&quot;:&quot;classic&quot;}\">\n\t\t<div class=\"elementor-element elementor-element-22b21f2 e-con-full e-flex e-con e-child\" data-id=\"22b21f2\" data-element_type=\"container\">\n\t\t\t\t<div class=\"elementor-element elementor-element-bf141ed elementor-widget elementor-widget-icon-box\" data-id=\"bf141ed\" data-element_type=\"widget\" data-widget_type=\"icon-box.default\">\n\t\t\t\t<div class=\"elementor-widget-container\">\n\t\t\t\t\t<div class=\"elementor-icon-box-wrapper\">\n\n\t\t\t\n\t\t\t\t\t\t<div class=\"elementor-icon-box-content\">\n\n\t\t\t\t\t\t\t\t\t<h3 class=\"elementor-icon-box-title\">\n\t\t\t\t\t\t<span  >\n\t\t\t\t\t\t\tMa mission d'accompagnateur de Codir ou Comex, c'est quoi ?\t\t\t\t\t\t<\/span>\n\t\t\t\t\t<\/h3>\n\t\t\t\t\n\t\t\t\t\t\t\t\t\t<p class=\"elementor-icon-box-description\">\n\t\t\t\t\t\tJ'assure la planification et la facilitation efficaces des r\u00e9unions du comit\u00e9 de direction, garantissant une gestion du temps efficace et une participation \u00e9quilibr\u00e9e de tous les membres. Ma m\u00e9thodologie encourage l'\u00e9change ouvert d'id\u00e9es, favorise la prise de d\u00e9cision collaborative et assure la mise en \u0153uvre rapide des plans d'action.\t\t\t\t\t<\/p>\n\t\t\t\t\n\t\t\t<\/div>\n\t\t\t\n\t\t<\/div>\n\t\t\t\t<\/div>\n\t\t\t\t<\/div>\n\t\t\t\t<\/div>\n\t\t\t\t<\/div>\n\t\t<div class=\"elementor-element elementor-element-32d9b5d e-flex e-con-boxed e-con e-parent\" data-id=\"32d9b5d\" data-element_type=\"container\" data-settings=\"{&quot;background_background&quot;:&quot;classic&quot;}\">\n\t\t\t\t\t<div class=\"e-con-inner\">\n\t\t<div class=\"elementor-element elementor-element-56d6215 e-con-full e-flex e-con e-child\" data-id=\"56d6215\" data-element_type=\"container\">\n\t\t\t\t<div class=\"elementor-element elementor-element-e83d02d elementor-widget elementor-widget-icon-box\" data-id=\"e83d02d\" data-element_type=\"widget\" data-widget_type=\"icon-box.default\">\n\t\t\t\t<div class=\"elementor-widget-container\">\n\t\t\t\t\t<div class=\"elementor-icon-box-wrapper\">\n\n\t\t\t\n\t\t\t\t\t\t<div class=\"elementor-icon-box-content\">\n\n\t\t\t\t\t\t\t\t\t<h3 class=\"elementor-icon-box-title\">\n\t\t\t\t\t\t<span  >\n\t\t\t\t\t\t\tConstruction et mise en oeuvre de la strat\u00e9gie\t\t\t\t\t\t<\/span>\n\t\t\t\t\t<\/h3>\n\t\t\t\t\n\t\t\t\t\t\t\t\t\t<p class=\"elementor-icon-box-description\">\n\t\t\t\t\t\tEnsemble, nous \u00e9laborons la strat\u00e9gie, les plans d'action concrets pour assurer le succ\u00e8s \u00e0 long terme de votre entreprise.\t\t\t\t\t<\/p>\n\t\t\t\t\n\t\t\t<\/div>\n\t\t\t\n\t\t<\/div>\n\t\t\t\t<\/div>\n\t\t\t\t<\/div>\n\t\t\t\t<\/div>\n\t\t\t\t\t<\/div>\n\t\t\t\t<\/div>\n\t\t<div class=\"elementor-element elementor-element-29d93765 e-con-full e-flex e-con e-parent\" data-id=\"29d93765\" data-element_type=\"container\" data-settings=\"{&quot;background_background&quot;:&quot;classic&quot;}\">\n\t\t<div class=\"elementor-element elementor-element-39ccfaf e-con-full e-flex e-con e-child\" data-id=\"39ccfaf\" data-element_type=\"container\">\n\t\t\t\t<div class=\"elementor-element elementor-element-619b22ab elementor-widget elementor-widget-icon-box\" data-id=\"619b22ab\" data-element_type=\"widget\" data-widget_type=\"icon-box.default\">\n\t\t\t\t<div class=\"elementor-widget-container\">\n\t\t\t\t\t<div class=\"elementor-icon-box-wrapper\">\n\n\t\t\t\n\t\t\t\t\t\t<div class=\"elementor-icon-box-content\">\n\n\t\t\t\t\t\t\t\t\t<h3 class=\"elementor-icon-box-title\">\n\t\t\t\t\t\t<span  >\n\t\t\t\t\t\t\tGestion des conflits\t\t\t\t\t\t<\/span>\n\t\t\t\t\t<\/h3>\n\t\t\t\t\n\t\t\t\t\t\t\t\t\t<p class=\"elementor-icon-box-description\">\n\t\t\t\t\t\tEn tant que m\u00e9diateur exp\u00e9riment\u00e9, je suis disponible pour faciliter la r\u00e9solution constructive des conflits au sein du comit\u00e9 de direction. Gr\u00e2ce \u00e0 une \u00e9coute attentive et \u00e0 des techniques de communication avanc\u00e9es, nous abordons les divergences de mani\u00e8re proactive et favorisons un climat de travail harmonieux et productif.\t\t\t\t\t<\/p>\n\t\t\t\t\n\t\t\t<\/div>\n\t\t\t\n\t\t<\/div>\n\t\t\t\t<\/div>\n\t\t\t\t<\/div>\n\t\t\t\t<\/div>\n\t\t<div class=\"elementor-element elementor-element-95bef45 e-con-full e-flex e-con e-child\" data-id=\"95bef45\" data-element_type=\"container\">\n\t\t\t\t<div class=\"elementor-element elementor-element-699e394 elementor-widget elementor-widget-icon-box\" data-id=\"699e394\" data-element_type=\"widget\" data-widget_type=\"icon-box.default\">\n\t\t\t\t<div class=\"elementor-widget-container\">\n\t\t\t\t\t<div class=\"elementor-icon-box-wrapper\">\n\n\t\t\t\n\t\t\t\t\t\t<div class=\"elementor-icon-box-content\">\n\n\t\t\t\t\t\t\t\t\t<h3 class=\"elementor-icon-box-title\">\n\t\t\t\t\t\t<span  >\n\t\t\t\t\t\t\tRenforcement de l'alignement\t\t\t\t\t\t<\/span>\n\t\t\t\t\t<\/h3>\n\t\t\t\t\n\t\t\t\t\t\t\t\t\t<p class=\"elementor-icon-box-description\">\n\t\t\t\t\t\tJe travaille avec votre comit\u00e9 de direction pour renforcer l'alignement autour des objectifs strat\u00e9giques de l'entreprise. En favorisant une compr\u00e9hension partag\u00e9e des enjeux et des priorit\u00e9s, nous maximisons l'efficacit\u00e9 collective et la coh\u00e9sion de l'\u00e9quipe dirigeante.\t\t\t\t\t<\/p>\n\t\t\t\t\n\t\t\t<\/div>\n\t\t\t\n\t\t<\/div>\n\t\t\t\t<\/div>\n\t\t\t\t<\/div>\n\t\t\t\t<\/div>\n\t\t\t\t<\/div>\n\t\t<div class=\"elementor-element elementor-element-3af000c1 e-con-full e-flex e-con e-parent\" data-id=\"3af000c1\" data-element_type=\"container\" data-settings=\"{&quot;background_background&quot;:&quot;classic&quot;}\">\n\t\t<div class=\"elementor-element elementor-element-170e897 e-con-full e-flex e-con e-child\" data-id=\"170e897\" data-element_type=\"container\">\n\t\t\t\t<div class=\"elementor-element elementor-element-4037e29 elementor-cta--mobile-layout-image-above elementor-widget__width-initial elementor-cta--skin-classic elementor-animated-content elementor-widget elementor-widget-call-to-action\" data-id=\"4037e29\" data-element_type=\"widget\" data-settings=\"{&quot;_animation&quot;:&quot;none&quot;}\" data-widget_type=\"call-to-action.default\">\n\t\t\t\t<div class=\"elementor-widget-container\">\n\t\t\t\t\t<div class=\"elementor-cta\">\n\t\t\t\t\t<div class=\"elementor-cta__bg-wrapper\">\n\t\t\t\t<div class=\"elementor-cta__bg elementor-bg\" style=\"background-image: url(https:\/\/www.gentleminds.fr\/wp-content\/uploads\/2024\/06\/Capture-decran-2024-06-06-172238.png);\" role=\"img\" aria-label=\"Codir Comex\"><\/div>\n\t\t\t\t<div class=\"elementor-cta__bg-overlay\"><\/div>\n\t\t\t<\/div>\n\t\t\t\t\t\t\t\t<\/div>\n\t\t\t\t<\/div>\n\t\t\t\t<\/div>\n\t\t\t\t<\/div>\n\t\t\t\t<\/div>\n\t\t<div class=\"elementor-element elementor-element-e9d51b0 e-flex e-con-boxed e-con e-parent\" data-id=\"e9d51b0\" data-element_type=\"container\" data-settings=\"{&quot;background_background&quot;:&quot;gradient&quot;}\">\n\t\t\t\t\t<div class=\"e-con-inner\">\n\t\t\t\t<div class=\"elementor-element elementor-element-1dfce6e elementor-widget elementor-widget-heading\" data-id=\"1dfce6e\" data-element_type=\"widget\" data-widget_type=\"heading.default\">\n\t\t\t\t<div class=\"elementor-widget-container\">\n\t\t\t<h2 class=\"elementor-heading-title elementor-size-default\">Ma conviction<\/h2>\t\t<\/div>\n\t\t\t\t<\/div>\n\t\t\t\t<div class=\"elementor-element elementor-element-df5212c elementor-widget-divider--view-line elementor-widget elementor-widget-divider\" data-id=\"df5212c\" data-element_type=\"widget\" data-widget_type=\"divider.default\">\n\t\t\t\t<div class=\"elementor-widget-container\">\n\t\t\t\t\t<div class=\"elementor-divider\">\n\t\t\t<span class=\"elementor-divider-separator\">\n\t\t\t\t\t\t<\/span>\n\t\t<\/div>\n\t\t\t\t<\/div>\n\t\t\t\t<\/div>\n\t\t\t\t<div class=\"elementor-element elementor-element-4e49c9b elementor-widget elementor-widget-heading\" data-id=\"4e49c9b\" data-element_type=\"widget\" data-widget_type=\"heading.default\">\n\t\t\t\t<div class=\"elementor-widget-container\">\n\t\t\t<h2 class=\"elementor-heading-title elementor-size-default\">\"Se r\u00e9unir est un d\u00e9but, rester ensemble est un progr\u00e8s, \n<\/h2>\t\t<\/div>\n\t\t\t\t<\/div>\n\t\t\t\t<div class=\"elementor-element elementor-element-da35664 elementor-widget elementor-widget-heading\" data-id=\"da35664\" data-element_type=\"widget\" data-widget_type=\"heading.default\">\n\t\t\t\t<div class=\"elementor-widget-container\">\n\t\t\t<h2 class=\"elementor-heading-title elementor-size-default\">travailler ensemble est la r\u00e9ussite.\"<\/h2>\t\t<\/div>\n\t\t\t\t<\/div>\n\t\t\t\t<div class=\"elementor-element elementor-element-8801579 elementor-widget elementor-widget-text-editor\" data-id=\"8801579\" data-element_type=\"widget\" data-widget_type=\"text-editor.default\">\n\t\t\t\t<div class=\"elementor-widget-container\">\n\t\t\t\t\t\t\t<p>Henri FORD<\/p>\t\t\t\t\t\t<\/div>\n\t\t\t\t<\/div>\n\t\t\t\t\t<\/div>\n\t\t\t\t<\/div>\n\t\t<div class=\"elementor-element elementor-element-599dc53 e-flex e-con-boxed e-con e-parent\" data-id=\"599dc53\" data-element_type=\"container\">\n\t\t\t\t\t<div class=\"e-con-inner\">\n\t\t\t\t<div class=\"elementor-element elementor-element-ac1fa2f elementor-widget elementor-widget-text-editor\" data-id=\"ac1fa2f\" data-element_type=\"widget\" data-widget_type=\"text-editor.default\">\n\t\t\t\t<div class=\"elementor-widget-container\">\n\t\t\t\t\t\t\t<p>Lorem ipsum dolor sit amet, consectetur adipiscing elit. Ut elit tellus, luctus nec ullamcorper mattis, pulvinar dapibus leo.<\/p>\t\t\t\t\t\t<\/div>\n\t\t\t\t<\/div>\n\t\t\t\t\t<\/div>\n\t\t\t\t<\/div>\n\t\t\t\t<\/div>\n\t\t","protected":false},"excerpt":{"rendered":"<p>Vous \u00eates membres de Codir ou de Comex Vous \u00eates la colonne vert\u00e9brale de toute entreprise prosp\u00e8re. Vous faites partie des leaders et des experts pour piloter les d\u00e9cisions li\u00e9es \u00e0 l&rsquo;organisation de l&rsquo;entreprise.Vous participez \u00e0 la strat\u00e9gie de votre entreprise Ma mission d&rsquo;accompagnateur de Codir ou Comex, c&rsquo;est quoi ? J&rsquo;assure la planification et&#8230;<\/p>\n","protected":false},"author":1,"featured_media":0,"parent":0,"menu_order":0,"comment_status":"closed","ping_status":"closed","template":"","meta":{"_kad_post_transparent":"","_kad_post_title":"hide","_kad_post_layout":"fullwidth","_kad_post_sidebar_id":"","_kad_post_content_style":"unboxed","_kad_post_vertical_padding":"hide","_kad_post_feature":"hide","_kad_post_feature_position":"","_kad_post_header":false,"_kad_post_footer":false,"footnotes":""},"class_list":["post-456","page","type-page","status-publish","hentry"],"_links":{"self":[{"href":"https:\/\/www.gentleminds.fr\/index.php\/wp-json\/wp\/v2\/pages\/456","targetHints":{"allow":["GET"]}}],"collection":[{"href":"https:\/\/www.gentleminds.fr\/index.php\/wp-json\/wp\/v2\/pages"}],"about":[{"href":"https:\/\/www.gentleminds.fr\/index.php\/wp-json\/wp\/v2\/types\/page"}],"author":[{"embeddable":true,"href":"https:\/\/www.gentleminds.fr\/index.php\/wp-json\/wp\/v2\/users\/1"}],"replies":[{"embeddable":true,"href":"https:\/\/www.gentleminds.fr\/index.php\/wp-json\/wp\/v2\/comments?post=456"}],"version-history":[{"count":124,"href":"https:\/\/www.gentleminds.fr\/index.php\/wp-json\/wp\/v2\/pages\/456\/revisions"}],"predecessor-version":[{"id":2228,"href":"https:\/\/www.gentleminds.fr\/index.php\/wp-json\/wp\/v2\/pages\/456\/revisions\/2228"}],"wp:attachment":[{"href":"https:\/\/www.gentleminds.fr\/index.php\/wp-json\/wp\/v2\/media?parent=456"}],"curies":[{"name":"wp","href":"https:\/\/api.w.org\/{rel}","templated":true}]}}