{"id":454,"date":"2024-02-14T15:57:52","date_gmt":"2024-02-14T14:57:52","guid":{"rendered":"https:\/\/www.gentleminds.fr\/?page_id=454"},"modified":"2025-10-01T17:58:54","modified_gmt":"2025-10-01T15:58:54","slug":"dirigeants","status":"publish","type":"page","link":"https:\/\/www.gentleminds.fr\/index.php\/dirigeants\/","title":{"rendered":"Dirigeants"},"content":{"rendered":"\t\t<div data-elementor-type=\"wp-page\" data-elementor-id=\"454\" class=\"elementor elementor-454\" data-elementor-post-type=\"page\">\n\t\t\t\t<div class=\"elementor-element elementor-element-6e426e6 e-flex e-con-boxed e-con e-parent\" data-id=\"6e426e6\" data-element_type=\"container\" data-settings=\"{&quot;background_background&quot;:&quot;classic&quot;}\">\n\t\t\t\t\t<div class=\"e-con-inner\">\n\t\t<div class=\"elementor-element elementor-element-6f0071d e-con-full e-flex e-con e-child\" data-id=\"6f0071d\" data-element_type=\"container\">\n\t\t\t\t<div class=\"elementor-element elementor-element-6443657a animated-slow elementor-invisible elementor-widget elementor-widget-heading\" data-id=\"6443657a\" data-element_type=\"widget\" data-settings=\"{&quot;_animation&quot;:&quot;slideInUp&quot;}\" data-widget_type=\"heading.default\">\n\t\t\t\t<div class=\"elementor-widget-container\">\n\t\t\t<h6 class=\"elementor-heading-title elementor-size-default\">Vous \u00eates dirigeants <\/h6>\t\t<\/div>\n\t\t\t\t<\/div>\n\t\t\t\t<div class=\"elementor-element elementor-element-3cbeb335 elementor-widget elementor-widget-text-editor\" data-id=\"3cbeb335\" data-element_type=\"widget\" data-widget_type=\"text-editor.default\">\n\t\t\t\t<div class=\"elementor-widget-container\">\n\t\t\t\t\t\t\t<p>En tant que dirigeant, vous \u00eates confront\u00e9 \u00e0 de nombreux d\u00e9fis, des moments d\u00e9cisifs au cours desquels vos choix fa\u00e7onnent l\u2019avenir de votre entreprise. Ces v\u00e9ritables points de bascule concernent votre strat\u00e9gie et d\u00e9finissent la vraie trajectoire de votre organisation.<\/p>\t\t\t\t\t\t<\/div>\n\t\t\t\t<\/div>\n\t\t\t\t<\/div>\n\t\t\t\t\t<\/div>\n\t\t\t\t<\/div>\n\t\t<div class=\"elementor-element elementor-element-9794c8a e-con-full e-flex e-con e-parent\" data-id=\"9794c8a\" data-element_type=\"container\" data-settings=\"{&quot;background_background&quot;:&quot;classic&quot;}\">\n\t\t\t\t<div class=\"elementor-element elementor-element-3be6457 elementor-widget-divider--view-line elementor-widget elementor-widget-divider\" data-id=\"3be6457\" data-element_type=\"widget\" data-widget_type=\"divider.default\">\n\t\t\t\t<div class=\"elementor-widget-container\">\n\t\t\t\t\t<div class=\"elementor-divider\">\n\t\t\t<span class=\"elementor-divider-separator\">\n\t\t\t\t\t\t<\/span>\n\t\t<\/div>\n\t\t\t\t<\/div>\n\t\t\t\t<\/div>\n\t\t\t\t<\/div>\n\t\t<div class=\"elementor-element elementor-element-db9f44b e-flex e-con-boxed e-con e-parent\" data-id=\"db9f44b\" data-element_type=\"container\" data-settings=\"{&quot;background_background&quot;:&quot;classic&quot;}\">\n\t\t\t\t\t<div class=\"e-con-inner\">\n\t\t\t\t<div class=\"elementor-element elementor-element-dcd3a39 e-transform elementor-widget elementor-widget-icon-box\" data-id=\"dcd3a39\" data-element_type=\"widget\" data-settings=\"{&quot;_transform_rotateZ_effect&quot;:{&quot;unit&quot;:&quot;px&quot;,&quot;size&quot;:&quot;&quot;,&quot;sizes&quot;:[]},&quot;_transform_rotateZ_effect_tablet&quot;:{&quot;unit&quot;:&quot;deg&quot;,&quot;size&quot;:&quot;&quot;,&quot;sizes&quot;:[]},&quot;_transform_rotateZ_effect_mobile&quot;:{&quot;unit&quot;:&quot;deg&quot;,&quot;size&quot;:&quot;&quot;,&quot;sizes&quot;:[]}}\" data-widget_type=\"icon-box.default\">\n\t\t\t\t<div class=\"elementor-widget-container\">\n\t\t\t\t\t<div class=\"elementor-icon-box-wrapper\">\n\n\t\t\t\n\t\t\t\t\t\t<div class=\"elementor-icon-box-content\">\n\n\t\t\t\t\t\t\t\t\t<h3 class=\"elementor-icon-box-title\">\n\t\t\t\t\t\t<span  >\n\t\t\t\t\t\t\tMa mission d\u2019accompagnateur de dirigeant, c\u2019est quoi ?                      C\u2019est \u00eatre un facilitateur. \t\t\t\t\t\t<\/span>\n\t\t\t\t\t<\/h3>\n\t\t\t\t\n\t\t\t\t\n\t\t\t<\/div>\n\t\t\t\n\t\t<\/div>\n\t\t\t\t<\/div>\n\t\t\t\t<\/div>\n\t\t\t\t<div class=\"elementor-element elementor-element-66ea056 elementor-widget elementor-widget-text-editor\" data-id=\"66ea056\" data-element_type=\"widget\" data-widget_type=\"text-editor.default\">\n\t\t\t\t<div class=\"elementor-widget-container\">\n\t\t\t\t\t\t\t<p>Appr\u00e9hender votre r\u00e9alit\u00e9 de la fa\u00e7on la plus lucide, clarifier et v\u00e9rifier ce que vous voulez faire<\/p><p>Faciliter la cr\u00e9ation et la communication de votre strat\u00e9gie<\/p><p>Viser des changements profonds et durables et travailler sur vos attitudes, vos croyances, votre potentiel, vos ressources, votre vision, le sens et les finalit\u00e9s de votre engagement<\/p><p>Apporter un \u00e9clairage singulier et partager avec vous des mod\u00e8les \u00e9prouv\u00e9s<\/p><p>Atteindre vos objectifs op\u00e9rationnels<\/p><p>Penser en strat\u00e8ge et piloter en homme d&rsquo;action<\/p>\t\t\t\t\t\t<\/div>\n\t\t\t\t<\/div>\n\t\t\t\t\t<\/div>\n\t\t\t\t<\/div>\n\t\t<div class=\"elementor-element elementor-element-e1eb4eb e-con-full e-flex e-con e-parent\" data-id=\"e1eb4eb\" data-element_type=\"container\" data-settings=\"{&quot;background_background&quot;:&quot;classic&quot;}\">\n\t\t\t\t<div class=\"elementor-element elementor-element-3339f1c elementor-widget-divider--view-line elementor-widget elementor-widget-divider\" data-id=\"3339f1c\" data-element_type=\"widget\" data-widget_type=\"divider.default\">\n\t\t\t\t<div class=\"elementor-widget-container\">\n\t\t\t\t\t<div class=\"elementor-divider\">\n\t\t\t<span class=\"elementor-divider-separator\">\n\t\t\t\t\t\t<\/span>\n\t\t<\/div>\n\t\t\t\t<\/div>\n\t\t\t\t<\/div>\n\t\t\t\t<\/div>\n\t\t<div class=\"elementor-element elementor-element-b778b97 e-flex e-con-boxed e-con e-parent\" data-id=\"b778b97\" data-element_type=\"container\" data-settings=\"{&quot;background_background&quot;:&quot;classic&quot;}\">\n\t\t\t\t\t<div class=\"e-con-inner\">\n\t\t\t\t<div class=\"elementor-element elementor-element-9756aa1 elementor-widget elementor-widget-icon-box\" data-id=\"9756aa1\" data-element_type=\"widget\" data-widget_type=\"icon-box.default\">\n\t\t\t\t<div class=\"elementor-widget-container\">\n\t\t\t\t\t<div class=\"elementor-icon-box-wrapper\">\n\n\t\t\t\n\t\t\t\t\t\t<div class=\"elementor-icon-box-content\">\n\n\t\t\t\t\t\t\t\t\t<h3 class=\"elementor-icon-box-title\">\n\t\t\t\t\t\t<span  >\n\t\t\t\t\t\t\tLa mission se construit en co-production. L\u2019accompagnement propos\u00e9 est un mixte de conseils, de coaching et de mentorat \u00e0 l\u2019attention du dirigeant.\t\t\t\t\t\t<\/span>\n\t\t\t\t\t<\/h3>\n\t\t\t\t\n\t\t\t\t\n\t\t\t<\/div>\n\t\t\t\n\t\t<\/div>\n\t\t\t\t<\/div>\n\t\t\t\t<\/div>\n\t\t\t\t<div class=\"elementor-element elementor-element-a34c269 elementor-widget elementor-widget-text-editor\" data-id=\"a34c269\" data-element_type=\"widget\" data-widget_type=\"text-editor.default\">\n\t\t\t\t<div class=\"elementor-widget-container\">\n\t\t\t\t\t\t\t<p>Organiser la gouvernance de votre entreprise afin qu\u2019elle soit la plus efficiente possible<\/p><p>Renforcer et partager le pourquoi de son organisation et votre ambition<\/p><p>D\u00e9velopper votre leadership<\/p><p>Partager la notion de communaut\u00e9 dans l\u2019entreprise<\/p><p>Apporter toute recommandation en lien avec la strat\u00e9gie de votre entreprise<\/p>\t\t\t\t\t\t<\/div>\n\t\t\t\t<\/div>\n\t\t\t\t\t<\/div>\n\t\t\t\t<\/div>\n\t\t<div class=\"elementor-element elementor-element-3589fec2 e-flex e-con-boxed e-con e-parent\" data-id=\"3589fec2\" data-element_type=\"container\" data-settings=\"{&quot;background_background&quot;:&quot;gradient&quot;}\">\n\t\t\t\t\t<div class=\"e-con-inner\">\n\t\t\t\t<div class=\"elementor-element elementor-element-702d6dee elementor-widget elementor-widget-heading\" data-id=\"702d6dee\" data-element_type=\"widget\" data-widget_type=\"heading.default\">\n\t\t\t\t<div class=\"elementor-widget-container\">\n\t\t\t<h2 class=\"elementor-heading-title elementor-size-default\">Ma conviction<\/h2>\t\t<\/div>\n\t\t\t\t<\/div>\n\t\t\t\t<div class=\"elementor-element elementor-element-4e9e1774 elementor-widget-divider--view-line elementor-widget elementor-widget-divider\" data-id=\"4e9e1774\" data-element_type=\"widget\" data-widget_type=\"divider.default\">\n\t\t\t\t<div class=\"elementor-widget-container\">\n\t\t\t\t\t<div class=\"elementor-divider\">\n\t\t\t<span class=\"elementor-divider-separator\">\n\t\t\t\t\t\t<\/span>\n\t\t<\/div>\n\t\t\t\t<\/div>\n\t\t\t\t<\/div>\n\t\t\t\t<div class=\"elementor-element elementor-element-d629d0b elementor-widget elementor-widget-heading\" data-id=\"d629d0b\" data-element_type=\"widget\" data-widget_type=\"heading.default\">\n\t\t\t\t<div class=\"elementor-widget-container\">\n\t\t\t<h2 class=\"elementor-heading-title elementor-size-default\">\u201cSoyez vous-m\u00eames, les autres sont d\u00e9j\u00e0 pris\u201d <\/h2>\t\t<\/div>\n\t\t\t\t<\/div>\n\t\t\t\t<div class=\"elementor-element elementor-element-d8f90b7 elementor-widget elementor-widget-text-editor\" data-id=\"d8f90b7\" data-element_type=\"widget\" data-widget_type=\"text-editor.default\">\n\t\t\t\t<div class=\"elementor-widget-container\">\n\t\t\t\t\t\t\t<p>Oscar Wilde<\/p>\t\t\t\t\t\t<\/div>\n\t\t\t\t<\/div>\n\t\t\t\t\t<\/div>\n\t\t\t\t<\/div>\n\t\t<div class=\"elementor-element elementor-element-8ce714e e-flex e-con-boxed e-con e-parent\" data-id=\"8ce714e\" data-element_type=\"container\">\n\t\t\t\t\t<div class=\"e-con-inner\">\n\t\t\t\t<div class=\"elementor-element elementor-element-1d7bd7b elementor-widget elementor-widget-text-editor\" data-id=\"1d7bd7b\" data-element_type=\"widget\" data-widget_type=\"text-editor.default\">\n\t\t\t\t<div class=\"elementor-widget-container\">\n\t\t\t\t\t\t\t<p>Lorem ipsum dolor sit amet, consectetur adipiscing elit. Ut elit tellus, luctus nec ullamcorper mattis, pulvinar dapibus leo.<\/p>\t\t\t\t\t\t<\/div>\n\t\t\t\t<\/div>\n\t\t\t\t\t<\/div>\n\t\t\t\t<\/div>\n\t\t\t\t<\/div>\n\t\t","protected":false},"excerpt":{"rendered":"<p>Vous \u00eates dirigeants En tant que dirigeant, vous \u00eates confront\u00e9 \u00e0 de nombreux d\u00e9fis, des moments d\u00e9cisifs au cours desquels vos choix fa\u00e7onnent l\u2019avenir de votre entreprise. Ces v\u00e9ritables points de bascule concernent votre strat\u00e9gie et d\u00e9finissent la vraie trajectoire de votre organisation. Ma mission d\u2019accompagnateur de dirigeant, c\u2019est quoi ? C\u2019est \u00eatre un facilitateur&#8230;.<\/p>\n","protected":false},"author":1,"featured_media":0,"parent":0,"menu_order":0,"comment_status":"closed","ping_status":"closed","template":"","meta":{"_kad_post_transparent":"","_kad_post_title":"hide","_kad_post_layout":"fullwidth","_kad_post_sidebar_id":"","_kad_post_content_style":"unboxed","_kad_post_vertical_padding":"hide","_kad_post_feature":"hide","_kad_post_feature_position":"","_kad_post_header":false,"_kad_post_footer":false,"footnotes":""},"class_list":["post-454","page","type-page","status-publish","hentry"],"_links":{"self":[{"href":"https:\/\/www.gentleminds.fr\/index.php\/wp-json\/wp\/v2\/pages\/454","targetHints":{"allow":["GET"]}}],"collection":[{"href":"https:\/\/www.gentleminds.fr\/index.php\/wp-json\/wp\/v2\/pages"}],"about":[{"href":"https:\/\/www.gentleminds.fr\/index.php\/wp-json\/wp\/v2\/types\/page"}],"author":[{"embeddable":true,"href":"https:\/\/www.gentleminds.fr\/index.php\/wp-json\/wp\/v2\/users\/1"}],"replies":[{"embeddable":true,"href":"https:\/\/www.gentleminds.fr\/index.php\/wp-json\/wp\/v2\/comments?post=454"}],"version-history":[{"count":109,"href":"https:\/\/www.gentleminds.fr\/index.php\/wp-json\/wp\/v2\/pages\/454\/revisions"}],"predecessor-version":[{"id":2214,"href":"https:\/\/www.gentleminds.fr\/index.php\/wp-json\/wp\/v2\/pages\/454\/revisions\/2214"}],"wp:attachment":[{"href":"https:\/\/www.gentleminds.fr\/index.php\/wp-json\/wp\/v2\/media?parent=454"}],"curies":[{"name":"wp","href":"https:\/\/api.w.org\/{rel}","templated":true}]}}