{"id":417,"date":"2024-02-14T11:27:15","date_gmt":"2024-02-14T10:27:15","guid":{"rendered":"https:\/\/www.gentleminds.fr\/?page_id=417"},"modified":"2025-03-21T12:07:17","modified_gmt":"2025-03-21T11:07:17","slug":"blog","status":"publish","type":"page","link":"https:\/\/www.gentleminds.fr\/index.php\/blog\/","title":{"rendered":"Blog"},"content":{"rendered":"\t\t<div data-elementor-type=\"wp-page\" data-elementor-id=\"417\" class=\"elementor elementor-417\" data-elementor-post-type=\"page\">\n\t\t\t\t<div class=\"elementor-element elementor-element-3827020c e-con-full e-flex e-con e-parent\" data-id=\"3827020c\" data-element_type=\"container\">\n\t\t<a class=\"elementor-element elementor-element-158deb e-flex e-con-boxed e-con e-child\" data-id=\"158deb\" data-element_type=\"container\" data-settings=\"{&quot;background_background&quot;:&quot;classic&quot;,&quot;background_motion_fx_motion_fx_mouse&quot;:&quot;yes&quot;,&quot;background_motion_fx_mouseTrack_effect&quot;:&quot;yes&quot;,&quot;background_motion_fx_mouseTrack_speed&quot;:{&quot;unit&quot;:&quot;px&quot;,&quot;size&quot;:0.3,&quot;sizes&quot;:[]}}\" href=\"https:\/\/www.gentleminds.fr\/\">\n\t\t\t\t\t<div class=\"e-con-inner\">\n\t\t\t\t\t<\/div>\n\t\t\t\t<\/a>\n\t\t\t\t<\/div>\n\t\t<div class=\"elementor-element elementor-element-36bebf8 e-flex e-con-boxed e-con e-parent\" data-id=\"36bebf8\" data-element_type=\"container\" data-settings=\"{&quot;background_background&quot;:&quot;classic&quot;}\">\n\t\t\t\t\t<div class=\"e-con-inner\">\n\t\t\t\t<div class=\"elementor-element elementor-element-4d61298 elementor-widget elementor-widget-video\" data-id=\"4d61298\" data-element_type=\"widget\" data-settings=\"{&quot;youtube_url&quot;:&quot;https:\\\/\\\/www.youtube.com\\\/watch?v=9ypW4FBGHsA&quot;,&quot;video_type&quot;:&quot;youtube&quot;,&quot;controls&quot;:&quot;yes&quot;}\" data-widget_type=\"video.default\">\n\t\t\t\t<div class=\"elementor-widget-container\">\n\t\t\t\t\t<div class=\"elementor-wrapper elementor-open-inline\">\n\t\t\t<div class=\"elementor-video\"><\/div>\t\t<\/div>\n\t\t\t\t<\/div>\n\t\t\t\t<\/div>\n\t\t\t\t\t<\/div>\n\t\t\t\t<\/div>\n\t\t<div class=\"elementor-element elementor-element-b165151 e-flex e-con-boxed e-con e-parent\" data-id=\"b165151\" data-element_type=\"container\">\n\t\t\t\t\t<div class=\"e-con-inner\">\n\t\t\t\t<div class=\"elementor-element elementor-element-662b92a elementor-widget elementor-widget-upk-harold-list\" data-id=\"662b92a\" data-element_type=\"widget\" data-settings=\"{&quot;upk_in_animation_show&quot;:&quot;yes&quot;}\" data-widget_type=\"upk-harold-list.default\">\n\t\t\t\t<div class=\"elementor-widget-container\">\n\t\t\t\t\t<div class=\"upk-harold-list upk-in-animation\" data-in-animation-delay=\"\">\n\t\t\t<div class=\"upk-list-wrap\">\n\n\t\t\t\t\n\t\t\t\t\t\t\t<div class=\"upk-item\">\n\t\t\t<div class=\"upk-item-box\">\n\t\t\t\t\t\t\t\t<div class=\"upk-content\">\n\t\t\t\t\t<div>\n\t\t\t\t\t\t\t\t\t\t\t\t<h3 class=\"upk-title\"><a href=\"https:\/\/www.gentleminds.fr\/index.php\/2024\/03\/18\/ce-que-le-management-peut-apporter-aux-cabinets-dexpertise-comptable\/\" title=\"Ce que le management peut apporter aux cabinets d&rsquo;expertise comptable\" class=\"title-animation-underline\" >Ce que le management peut apporter aux cabinets d&rsquo;expertise comptable<\/a><\/h3>\t\t\t\t\t\t\t\t\t\t\t<\/div>\n\t\t\t\t<\/div>\n\t\t\t<\/div>\n\t\t<\/div>\n\n\t\n\t\t\t\t\n\t\t\t\t\t\t\t<div class=\"upk-item\">\n\t\t\t<div class=\"upk-item-box\">\n\t\t\t\t\t\t\t\t<div class=\"upk-content\">\n\t\t\t\t\t<div>\n\t\t\t\t\t\t\t\t\t\t\t\t<h3 class=\"upk-title\"><a href=\"https:\/\/www.gentleminds.fr\/index.php\/2024\/05\/21\/management-de-transition-a-quoi-cela-sert-il\/\" title=\"Management de transition : \u00e0 quoi cela sert-il\u00a0?\" class=\"title-animation-underline\" >Management de transition : \u00e0 quoi cela sert-il\u00a0?<\/a><\/h3>\t\t\t\t\t\t\t\t\t\t\t<\/div>\n\t\t\t\t<\/div>\n\t\t\t<\/div>\n\t\t<\/div>\n\n\t\n\t\t\t\t\n\t\t\t\t\t\t\t<div class=\"upk-item\">\n\t\t\t<div class=\"upk-item-box\">\n\t\t\t\t\t\t\t\t<div class=\"upk-content\">\n\t\t\t\t\t<div>\n\t\t\t\t\t\t\t\t\t\t\t\t<h3 class=\"upk-title\"><a href=\"https:\/\/www.gentleminds.fr\/index.php\/2024\/02\/21\/comment-rendre-son-entreprise-attractive-pour-ses-partenaires\/\" title=\"Comment rendre son entreprise attractive pour ses partenaires ?\" class=\"title-animation-underline\" >Comment rendre son entreprise attractive pour ses partenaires ?<\/a><\/h3>\t\t\t\t\t\t\t\t\t\t\t<\/div>\n\t\t\t\t<\/div>\n\t\t\t<\/div>\n\t\t<\/div>\n\n\t\n\t\t\t\t\n\t\t\t\t\t\t\t<div class=\"upk-item\">\n\t\t\t<div class=\"upk-item-box\">\n\t\t\t\t\t\t\t\t<div class=\"upk-content\">\n\t\t\t\t\t<div>\n\t\t\t\t\t\t\t\t\t\t\t\t<h3 class=\"upk-title\"><a href=\"https:\/\/www.gentleminds.fr\/index.php\/2024\/02\/21\/comment-bien-travailler-avec-son-expert-comptable\/\" title=\"Comment bien travailler avec son expert-comptable ?\" class=\"title-animation-underline\" >Comment bien travailler avec son expert-comptable ?<\/a><\/h3>\t\t\t\t\t\t\t\t\t\t\t<\/div>\n\t\t\t\t<\/div>\n\t\t\t<\/div>\n\t\t<\/div>\n\n\t\n\t\t\t\t\n\t\t\t\t\t\t\t<div class=\"upk-item\">\n\t\t\t<div class=\"upk-item-box\">\n\t\t\t\t\t\t\t\t<div class=\"upk-content\">\n\t\t\t\t\t<div>\n\t\t\t\t\t\t\t\t\t\t\t\t<h3 class=\"upk-title\"><a href=\"https:\/\/www.gentleminds.fr\/index.php\/2024\/02\/21\/interview-dherve-granet-france-defi-une-force-pour-notre-cabinet\/\" title=\"Interview d\u2019Herv\u00e9 Granet : France D\u00e9fi, une force pour notre cabinet\" class=\"title-animation-underline\" >Interview d\u2019Herv\u00e9 Granet : France D\u00e9fi, une force pour notre cabinet<\/a><\/h3>\t\t\t\t\t\t\t\t\t\t\t<\/div>\n\t\t\t\t<\/div>\n\t\t\t<\/div>\n\t\t<\/div>\n\n\t\n\t\t\t\t\n\t\t\t\t\t\t\t<div class=\"upk-item\">\n\t\t\t<div class=\"upk-item-box\">\n\t\t\t\t\t\t\t\t<div class=\"upk-content\">\n\t\t\t\t\t<div>\n\t\t\t\t\t\t\t\t\t\t\t\t<h3 class=\"upk-title\"><a href=\"https:\/\/www.gentleminds.fr\/index.php\/2024\/02\/21\/une-nouvelle-gouvernance-chez-france-defi\/\" title=\"Une nouvelle gouvernance chez France D\u00e9fi\" class=\"title-animation-underline\" >Une nouvelle gouvernance chez France D\u00e9fi<\/a><\/h3>\t\t\t\t\t\t\t\t\t\t\t<\/div>\n\t\t\t\t<\/div>\n\t\t\t<\/div>\n\t\t<\/div>\n\n\t\n\t\t\t\t\n\t\t\t\t\t\t\t<div class=\"upk-item\">\n\t\t\t<div class=\"upk-item-box\">\n\t\t\t\t\t\t\t\t<div class=\"upk-content\">\n\t\t\t\t\t<div>\n\t\t\t\t\t\t\t\t\t\t\t\t<h3 class=\"upk-title\"><a href=\"https:\/\/www.gentleminds.fr\/index.php\/2024\/03\/18\/les-experts-comptables-souvrent-au-coaching-2\/\" title=\"Les experts-comptables s&rsquo;ouvrent au coaching 2\/2\" class=\"title-animation-underline\" >Les experts-comptables s&rsquo;ouvrent au coaching 2\/2<\/a><\/h3>\t\t\t\t\t\t\t\t\t\t\t<\/div>\n\t\t\t\t<\/div>\n\t\t\t<\/div>\n\t\t<\/div>\n\n\t\n\t\t\t\t\n\t\t\t\t\t\t\t<div class=\"upk-item\">\n\t\t\t<div class=\"upk-item-box\">\n\t\t\t\t\t\t\t\t<div class=\"upk-content\">\n\t\t\t\t\t<div>\n\t\t\t\t\t\t\t\t\t\t\t\t<h3 class=\"upk-title\"><a href=\"https:\/\/www.gentleminds.fr\/index.php\/2024\/11\/08\/sur-quels-criteres-selectionner-son-coach\/\" title=\"Sur quels crit\u00e8res s\u00e9lectionner son coach ?\" class=\"title-animation-underline\" >Sur quels crit\u00e8res s\u00e9lectionner son coach ?<\/a><\/h3>\t\t\t\t\t\t\t\t\t\t\t<\/div>\n\t\t\t\t<\/div>\n\t\t\t<\/div>\n\t\t<\/div>\n\n\t\n\t\t\t\t\n\t\t\t\t\t\t\t<div class=\"upk-item\">\n\t\t\t<div class=\"upk-item-box\">\n\t\t\t\t\t\t\t\t<div class=\"upk-content\">\n\t\t\t\t\t<div>\n\t\t\t\t\t\t\t\t\t\t\t\t<h3 class=\"upk-title\"><a href=\"https:\/\/www.gentleminds.fr\/index.php\/2024\/03\/18\/les-experts-comptables-souvrent-au-coaching-1\/\" title=\"Les experts-comptables s&rsquo;ouvrent au coaching 1\/2\" class=\"title-animation-underline\" >Les experts-comptables s&rsquo;ouvrent au coaching 1\/2<\/a><\/h3>\t\t\t\t\t\t\t\t\t\t\t<\/div>\n\t\t\t\t<\/div>\n\t\t\t<\/div>\n\t\t<\/div>\n\n\t\n\t\t\t\t\n\t\t\t\t\t\t\t<div class=\"upk-item\">\n\t\t\t<div class=\"upk-item-box\">\n\t\t\t\t\t\t\t\t<div class=\"upk-content\">\n\t\t\t\t\t<div>\n\t\t\t\t\t\t\t\t\t\t\t\t<h3 class=\"upk-title\"><a href=\"https:\/\/www.gentleminds.fr\/index.php\/2024\/02\/21\/dependance-au-digital-un-mal-a-anticiper\/\" title=\"D\u00e9pendance au digital : un mal \u00e0 anticiper\" class=\"title-animation-underline\" >D\u00e9pendance au digital : un mal \u00e0 anticiper<\/a><\/h3>\t\t\t\t\t\t\t\t\t\t\t<\/div>\n\t\t\t\t<\/div>\n\t\t\t<\/div>\n\t\t<\/div>\n\n\t\n\t\t\t\t\n\t\t\t\t\t\t\t<div class=\"upk-item\">\n\t\t\t<div class=\"upk-item-box\">\n\t\t\t\t\t\t\t\t<div class=\"upk-content\">\n\t\t\t\t\t<div>\n\t\t\t\t\t\t\t\t\t\t\t\t<h3 class=\"upk-title\"><a href=\"https:\/\/www.gentleminds.fr\/index.php\/2024\/02\/21\/interview-herve-granet-magazine-entreprendre\/\" title=\"Interview Herv\u00e9 Granet \u2013 Magazine Entreprendre\" class=\"title-animation-underline\" >Interview Herv\u00e9 Granet \u2013 Magazine Entreprendre<\/a><\/h3>\t\t\t\t\t\t\t\t\t\t\t<\/div>\n\t\t\t\t<\/div>\n\t\t\t<\/div>\n\t\t<\/div>\n\n\t\n\t\t\t\t\t\t\t<\/div>\n\t\t<\/div>\n\n\t\t\t\t\t<div class=\"ep-pagination\">\n\t\t\t\t\t\t\t<\/div>\n\t\t<\/div>\n\t\t\t\t<\/div>\n\t\t\t\t\t<\/div>\n\t\t\t\t<\/div>\n\t\t\t\t<\/div>\n\t\t","protected":false},"excerpt":{"rendered":"<p>Les experts-comptables s&rsquo;ouvrent au coaching 1\/2 D\u00e9pendance au digital : un mal \u00e0 anticiper Management de transition : \u00e0 quoi cela sert-il\u00a0? Les experts-comptables s&rsquo;ouvrent au coaching 2\/2 Interview Herv\u00e9 Granet \u2013 Magazine Entreprendre Une nouvelle gouvernance chez France D\u00e9fi Ce que le management peut apporter aux cabinets d&rsquo;expertise comptable Comment rendre son entreprise attractive&#8230;<\/p>\n","protected":false},"author":1,"featured_media":0,"parent":0,"menu_order":0,"comment_status":"closed","ping_status":"closed","template":"elementor_header_footer","meta":{"_kad_post_transparent":"","_kad_post_title":"hide","_kad_post_layout":"fullwidth","_kad_post_sidebar_id":"","_kad_post_content_style":"unboxed","_kad_post_vertical_padding":"hide","_kad_post_feature":"hide","_kad_post_feature_position":"","_kad_post_header":false,"_kad_post_footer":false,"footnotes":""},"class_list":["post-417","page","type-page","status-publish","hentry"],"_links":{"self":[{"href":"https:\/\/www.gentleminds.fr\/index.php\/wp-json\/wp\/v2\/pages\/417","targetHints":{"allow":["GET"]}}],"collection":[{"href":"https:\/\/www.gentleminds.fr\/index.php\/wp-json\/wp\/v2\/pages"}],"about":[{"href":"https:\/\/www.gentleminds.fr\/index.php\/wp-json\/wp\/v2\/types\/page"}],"author":[{"embeddable":true,"href":"https:\/\/www.gentleminds.fr\/index.php\/wp-json\/wp\/v2\/users\/1"}],"replies":[{"embeddable":true,"href":"https:\/\/www.gentleminds.fr\/index.php\/wp-json\/wp\/v2\/comments?post=417"}],"version-history":[{"count":73,"href":"https:\/\/www.gentleminds.fr\/index.php\/wp-json\/wp\/v2\/pages\/417\/revisions"}],"predecessor-version":[{"id":2208,"href":"https:\/\/www.gentleminds.fr\/index.php\/wp-json\/wp\/v2\/pages\/417\/revisions\/2208"}],"wp:attachment":[{"href":"https:\/\/www.gentleminds.fr\/index.php\/wp-json\/wp\/v2\/media?parent=417"}],"curies":[{"name":"wp","href":"https:\/\/api.w.org\/{rel}","templated":true}]}}