{"id":2065,"date":"2024-10-08T16:18:37","date_gmt":"2024-10-08T14:18:37","guid":{"rendered":"https:\/\/www.gentleminds.fr\/?page_id=2065"},"modified":"2024-11-20T17:33:09","modified_gmt":"2024-11-20T16:33:09","slug":"partenaires-et-experiences","status":"publish","type":"page","link":"https:\/\/www.gentleminds.fr\/index.php\/partenaires-et-experiences\/","title":{"rendered":"Partenaires et Experiences"},"content":{"rendered":"\t\t<div data-elementor-type=\"wp-page\" data-elementor-id=\"2065\" class=\"elementor elementor-2065\" data-elementor-post-type=\"page\">\n\t\t\t\t<div class=\"elementor-element elementor-element-76fac93 e-flex e-con-boxed e-con e-parent\" data-id=\"76fac93\" data-element_type=\"container\" data-settings=\"{&quot;background_background&quot;:&quot;classic&quot;}\">\n\t\t\t\t\t<div class=\"e-con-inner\">\n\t\t\t\t<div class=\"elementor-element elementor-element-4b70c46 animated-slow elementor-invisible elementor-widget elementor-widget-heading\" data-id=\"4b70c46\" data-element_type=\"widget\" data-settings=\"{&quot;_animation&quot;:&quot;slideInUp&quot;}\" data-widget_type=\"heading.default\">\n\t\t\t\t<div class=\"elementor-widget-container\">\n\t\t\t<h2 class=\"elementor-heading-title elementor-size-default\">Partenaires<\/h2>\t\t<\/div>\n\t\t\t\t<\/div>\n\t\t<div class=\"elementor-element elementor-element-735c0b5 e-con-full carouseltuto e-flex e-con e-child\" data-id=\"735c0b5\" data-element_type=\"container\">\n\t\t<div class=\"elementor-element elementor-element-fe8d036 e-flex e-con-boxed e-con e-child\" data-id=\"fe8d036\" data-element_type=\"container\">\n\t\t\t\t\t<div class=\"e-con-inner\">\n\t\t\t\t<div class=\"elementor-element elementor-element-de50437 elementor-widget elementor-widget-image\" data-id=\"de50437\" data-element_type=\"widget\" data-widget_type=\"image.default\">\n\t\t\t\t<div class=\"elementor-widget-container\">\n\t\t\t\t\t\t\t\t\t\t\t\t\t\t<a href=\"https:\/\/www.axens-audit.fr\/\">\n\t\t\t\t\t\t\t<img decoding=\"async\" width=\"300\" height=\"153\" src=\"https:\/\/www.gentleminds.fr\/wp-content\/uploads\/2024\/06\/AXENS-Audit-1-300x153.jpg\" class=\"attachment-medium size-medium wp-image-1204\" alt=\"AXENS Audit\" srcset=\"https:\/\/www.gentleminds.fr\/wp-content\/uploads\/2024\/06\/AXENS-Audit-1-300x153.jpg 300w, https:\/\/www.gentleminds.fr\/wp-content\/uploads\/2024\/06\/AXENS-Audit-1-1024x521.jpg 1024w, https:\/\/www.gentleminds.fr\/wp-content\/uploads\/2024\/06\/AXENS-Audit-1-768x391.jpg 768w, https:\/\/www.gentleminds.fr\/wp-content\/uploads\/2024\/06\/AXENS-Audit-1.jpg 1040w\" sizes=\"(max-width: 300px) 100vw, 300px\" \/>\t\t\t\t\t\t\t\t<\/a>\n\t\t\t\t\t\t\t\t\t\t\t\t\t<\/div>\n\t\t\t\t<\/div>\n\t\t\t\t<div class=\"elementor-element elementor-element-aa02431 elementor-widget elementor-widget-heading\" data-id=\"aa02431\" data-element_type=\"widget\" data-widget_type=\"heading.default\">\n\t\t\t\t<div class=\"elementor-widget-container\">\n\t\t\t<h2 class=\"elementor-heading-title elementor-size-default\"><a href=\"https:\/\/www.axens-audit.fr\/\">AXENS Audit<\/a><\/h2>\t\t<\/div>\n\t\t\t\t<\/div>\n\t\t\t\t\t<\/div>\n\t\t\t\t<\/div>\n\t\t<div class=\"elementor-element elementor-element-164ada9 e-flex e-con-boxed e-con e-child\" data-id=\"164ada9\" data-element_type=\"container\">\n\t\t\t\t\t<div class=\"e-con-inner\">\n\t\t\t\t<div class=\"elementor-element elementor-element-fcf2f10 elementor-widget elementor-widget-image\" data-id=\"fcf2f10\" data-element_type=\"widget\" data-widget_type=\"image.default\">\n\t\t\t\t<div class=\"elementor-widget-container\">\n\t\t\t\t\t\t\t\t\t\t\t\t\t\t<a href=\"http:\/\/www.francedefi.fr\/\">\n\t\t\t\t\t\t\t<img fetchpriority=\"high\" decoding=\"async\" width=\"225\" height=\"225\" src=\"https:\/\/www.gentleminds.fr\/wp-content\/uploads\/2024\/06\/images.png\" class=\"attachment-medium size-medium wp-image-1198\" alt=\"France D\u00e9fi\" srcset=\"https:\/\/www.gentleminds.fr\/wp-content\/uploads\/2024\/06\/images.png 225w, https:\/\/www.gentleminds.fr\/wp-content\/uploads\/2024\/06\/images-150x150.png 150w\" sizes=\"(max-width: 225px) 100vw, 225px\" \/>\t\t\t\t\t\t\t\t<\/a>\n\t\t\t\t\t\t\t\t\t\t\t\t\t<\/div>\n\t\t\t\t<\/div>\n\t\t\t\t<div class=\"elementor-element elementor-element-b653006 elementor-widget elementor-widget-heading\" data-id=\"b653006\" data-element_type=\"widget\" data-widget_type=\"heading.default\">\n\t\t\t\t<div class=\"elementor-widget-container\">\n\t\t\t<h2 class=\"elementor-heading-title elementor-size-default\"><a href=\"http:\/\/www.francedefi.fr\/\">France d\u00e9fi<\/a><\/h2>\t\t<\/div>\n\t\t\t\t<\/div>\n\t\t\t\t\t<\/div>\n\t\t\t\t<\/div>\n\t\t<div class=\"elementor-element elementor-element-3ac4988 e-flex e-con-boxed e-con e-child\" data-id=\"3ac4988\" data-element_type=\"container\">\n\t\t\t\t\t<div class=\"e-con-inner\">\n\t\t\t\t<div class=\"elementor-element elementor-element-d4a1bfe elementor-widget elementor-widget-image\" data-id=\"d4a1bfe\" data-element_type=\"widget\" data-widget_type=\"image.default\">\n\t\t\t\t<div class=\"elementor-widget-container\">\n\t\t\t\t\t\t\t\t\t\t\t\t\t\t<a href=\"https:\/\/www.linkedin.com\/company\/nouvelle-vague-collectif\/\">\n\t\t\t\t\t\t\t<img decoding=\"async\" width=\"200\" height=\"200\" src=\"https:\/\/www.gentleminds.fr\/wp-content\/uploads\/2024\/06\/nouvelle_vague_collectif.jpg\" class=\"attachment-medium size-medium wp-image-1171\" alt=\"nouvelle-vague-collectif\" srcset=\"https:\/\/www.gentleminds.fr\/wp-content\/uploads\/2024\/06\/nouvelle_vague_collectif.jpg 200w, https:\/\/www.gentleminds.fr\/wp-content\/uploads\/2024\/06\/nouvelle_vague_collectif-150x150.jpg 150w\" sizes=\"(max-width: 200px) 100vw, 200px\" \/>\t\t\t\t\t\t\t\t<\/a>\n\t\t\t\t\t\t\t\t\t\t\t\t\t<\/div>\n\t\t\t\t<\/div>\n\t\t\t\t<div class=\"elementor-element elementor-element-df8c197 elementor-widget elementor-widget-heading\" data-id=\"df8c197\" data-element_type=\"widget\" data-widget_type=\"heading.default\">\n\t\t\t\t<div class=\"elementor-widget-container\">\n\t\t\t<h2 class=\"elementor-heading-title elementor-size-default\"><a href=\"https:\/\/www.linkedin.com\/company\/nouvelle-vague-collectif\/\">Nouvelle vague<\/a><\/h2>\t\t<\/div>\n\t\t\t\t<\/div>\n\t\t\t\t\t<\/div>\n\t\t\t\t<\/div>\n\t\t<div class=\"elementor-element elementor-element-d33e066 e-flex e-con-boxed e-con e-child\" data-id=\"d33e066\" data-element_type=\"container\">\n\t\t\t\t\t<div class=\"e-con-inner\">\n\t\t\t\t<div class=\"elementor-element elementor-element-ae24fbe elementor-widget elementor-widget-image\" data-id=\"ae24fbe\" data-element_type=\"widget\" data-widget_type=\"image.default\">\n\t\t\t\t<div class=\"elementor-widget-container\">\n\t\t\t\t\t\t\t\t\t\t\t\t\t\t<a href=\"https:\/\/www.linkedin.com\/in\/david-rauscent-ba276b78\/\">\n\t\t\t\t\t\t\t<img loading=\"lazy\" decoding=\"async\" width=\"300\" height=\"300\" src=\"https:\/\/www.gentleminds.fr\/wp-content\/uploads\/2024\/06\/1705175773629-300x300.jpg\" class=\"attachment-medium size-medium wp-image-1194\" alt=\"POL ETHIQUE\" srcset=\"https:\/\/www.gentleminds.fr\/wp-content\/uploads\/2024\/06\/1705175773629-300x300.jpg 300w, https:\/\/www.gentleminds.fr\/wp-content\/uploads\/2024\/06\/1705175773629-150x150.jpg 150w, https:\/\/www.gentleminds.fr\/wp-content\/uploads\/2024\/06\/1705175773629-768x768.jpg 768w, https:\/\/www.gentleminds.fr\/wp-content\/uploads\/2024\/06\/1705175773629.jpg 800w\" sizes=\"(max-width: 300px) 100vw, 300px\" \/>\t\t\t\t\t\t\t\t<\/a>\n\t\t\t\t\t\t\t\t\t\t\t\t\t<\/div>\n\t\t\t\t<\/div>\n\t\t\t\t<div class=\"elementor-element elementor-element-266a598 elementor-widget elementor-widget-heading\" data-id=\"266a598\" data-element_type=\"widget\" data-widget_type=\"heading.default\">\n\t\t\t\t<div class=\"elementor-widget-container\">\n\t\t\t<h2 class=\"elementor-heading-title elementor-size-default\"><a href=\"https:\/\/www.linkedin.com\/in\/david-rauscent-ba276b78\/\">Pol \u00e9thique<\/a><\/h2>\t\t<\/div>\n\t\t\t\t<\/div>\n\t\t\t\t\t<\/div>\n\t\t\t\t<\/div>\n\t\t<div class=\"elementor-element elementor-element-71c6b79 e-flex e-con-boxed e-con e-child\" data-id=\"71c6b79\" data-element_type=\"container\">\n\t\t\t\t\t<div class=\"e-con-inner\">\n\t\t\t\t<div class=\"elementor-element elementor-element-1ee9863 elementor-widget elementor-widget-image\" data-id=\"1ee9863\" data-element_type=\"widget\" data-widget_type=\"image.default\">\n\t\t\t\t<div class=\"elementor-widget-container\">\n\t\t\t\t\t\t\t\t\t\t\t\t\t\t<a href=\"https:\/\/www.weezecc.fr\/coaching-et-industrie\/\">\n\t\t\t\t\t\t\t<img loading=\"lazy\" decoding=\"async\" width=\"300\" height=\"113\" src=\"https:\/\/www.gentleminds.fr\/wp-content\/uploads\/2024\/09\/Weezecc-300x113.png\" class=\"attachment-medium size-medium wp-image-1792\" alt=\"\" srcset=\"https:\/\/www.gentleminds.fr\/wp-content\/uploads\/2024\/09\/Weezecc-300x113.png 300w, https:\/\/www.gentleminds.fr\/wp-content\/uploads\/2024\/09\/Weezecc.png 735w\" sizes=\"(max-width: 300px) 100vw, 300px\" \/>\t\t\t\t\t\t\t\t<\/a>\n\t\t\t\t\t\t\t\t\t\t\t\t\t<\/div>\n\t\t\t\t<\/div>\n\t\t\t\t<div class=\"elementor-element elementor-element-9bf6624 elementor-widget elementor-widget-heading\" data-id=\"9bf6624\" data-element_type=\"widget\" data-widget_type=\"heading.default\">\n\t\t\t\t<div class=\"elementor-widget-container\">\n\t\t\t<h2 class=\"elementor-heading-title elementor-size-default\"><a href=\"https:\/\/www.weezecc.fr\/coaching-et-industrie\/\">Weeze<\/a><\/h2>\t\t<\/div>\n\t\t\t\t<\/div>\n\t\t\t\t\t<\/div>\n\t\t\t\t<\/div>\n\t\t\t\t<\/div>\n\t\t<div class=\"elementor-element elementor-element-a5de5c7 e-con-full e-flex e-con e-child\" data-id=\"a5de5c7\" data-element_type=\"container\">\n\t\t<div class=\"elementor-element elementor-element-25c8daf e-flex e-con-boxed e-con e-child\" data-id=\"25c8daf\" data-element_type=\"container\">\n\t\t\t\t\t<div class=\"e-con-inner\">\n\t\t\t\t<div class=\"elementor-element elementor-element-b3533e4 elementor-widget elementor-widget-image\" data-id=\"b3533e4\" data-element_type=\"widget\" data-widget_type=\"image.default\">\n\t\t\t\t<div class=\"elementor-widget-container\">\n\t\t\t\t\t\t\t\t\t\t\t\t\t\t<a href=\"https:\/\/www.linkedin.com\/in\/olivier-valette-35994611\/\">\n\t\t\t\t\t\t\t<img loading=\"lazy\" decoding=\"async\" width=\"200\" height=\"200\" src=\"https:\/\/www.gentleminds.fr\/wp-content\/uploads\/2024\/09\/HC-Humanitas-Coaching.jpg\" class=\"attachment-medium size-medium wp-image-1844\" alt=\"\" srcset=\"https:\/\/www.gentleminds.fr\/wp-content\/uploads\/2024\/09\/HC-Humanitas-Coaching.jpg 200w, https:\/\/www.gentleminds.fr\/wp-content\/uploads\/2024\/09\/HC-Humanitas-Coaching-150x150.jpg 150w\" sizes=\"(max-width: 200px) 100vw, 200px\" \/>\t\t\t\t\t\t\t\t<\/a>\n\t\t\t\t\t\t\t\t\t\t\t\t\t<\/div>\n\t\t\t\t<\/div>\n\t\t\t\t<div class=\"elementor-element elementor-element-05cc5cb elementor-widget elementor-widget-heading\" data-id=\"05cc5cb\" data-element_type=\"widget\" data-widget_type=\"heading.default\">\n\t\t\t\t<div class=\"elementor-widget-container\">\n\t\t\t<h2 class=\"elementor-heading-title elementor-size-default\"><a href=\"https:\/\/www.linkedin.com\/in\/olivier-valette-35994611\/\">HC<\/a><\/h2>\t\t<\/div>\n\t\t\t\t<\/div>\n\t\t\t\t\t<\/div>\n\t\t\t\t<\/div>\n\t\t<div class=\"elementor-element elementor-element-f214242 e-flex e-con-boxed e-con e-child\" data-id=\"f214242\" data-element_type=\"container\">\n\t\t\t\t\t<div class=\"e-con-inner\">\n\t\t\t\t<div class=\"elementor-element elementor-element-733f643 elementor-widget elementor-widget-image\" data-id=\"733f643\" data-element_type=\"widget\" data-widget_type=\"image.default\">\n\t\t\t\t<div class=\"elementor-widget-container\">\n\t\t\t\t\t\t\t\t\t\t\t\t\t\t<a href=\"https:\/\/www.narlot.com\">\n\t\t\t\t\t\t\t<img loading=\"lazy\" decoding=\"async\" width=\"225\" height=\"225\" src=\"https:\/\/www.gentleminds.fr\/wp-content\/uploads\/2024\/09\/NARLOT.png\" class=\"attachment-medium size-medium wp-image-1857\" alt=\"\" srcset=\"https:\/\/www.gentleminds.fr\/wp-content\/uploads\/2024\/09\/NARLOT.png 225w, https:\/\/www.gentleminds.fr\/wp-content\/uploads\/2024\/09\/NARLOT-150x150.png 150w\" sizes=\"(max-width: 225px) 100vw, 225px\" \/>\t\t\t\t\t\t\t\t<\/a>\n\t\t\t\t\t\t\t\t\t\t\t\t\t<\/div>\n\t\t\t\t<\/div>\n\t\t\t\t<div class=\"elementor-element elementor-element-499799d elementor-widget elementor-widget-heading\" data-id=\"499799d\" data-element_type=\"widget\" data-widget_type=\"heading.default\">\n\t\t\t\t<div class=\"elementor-widget-container\">\n\t\t\t<h2 class=\"elementor-heading-title elementor-size-default\"><a href=\"https:\/\/www.narlot.com\">NARLOT<\/a><\/h2>\t\t<\/div>\n\t\t\t\t<\/div>\n\t\t\t\t\t<\/div>\n\t\t\t\t<\/div>\n\t\t\t\t<\/div>\n\t\t\t\t\t<\/div>\n\t\t\t\t<\/div>\n\t\t<div class=\"elementor-element elementor-element-4329a3f e-con-full e-flex e-con e-parent\" data-id=\"4329a3f\" data-element_type=\"container\" data-settings=\"{&quot;background_background&quot;:&quot;classic&quot;}\">\n\t\t\t\t<div class=\"elementor-element elementor-element-dd8e8c8 animated-slow elementor-invisible elementor-widget elementor-widget-heading\" data-id=\"dd8e8c8\" data-element_type=\"widget\" data-settings=\"{&quot;_animation&quot;:&quot;slideInUp&quot;}\" data-widget_type=\"heading.default\">\n\t\t\t\t<div class=\"elementor-widget-container\">\n\t\t\t<h2 class=\"elementor-heading-title elementor-size-default\">Exp\u00e9riences<\/h2>\t\t<\/div>\n\t\t\t\t<\/div>\n\t\t<div class=\"elementor-element elementor-element-a12b1ad e-con-full e-flex e-con e-child\" data-id=\"a12b1ad\" data-element_type=\"container\">\n\t\t<div class=\"elementor-element elementor-element-7dd3f3e e-con-full e-flex e-con e-child\" data-id=\"7dd3f3e\" data-element_type=\"container\">\n\t\t\t\t<div class=\"elementor-element elementor-element-683180b elementor-widget-divider--view-line elementor-widget elementor-widget-divider\" data-id=\"683180b\" data-element_type=\"widget\" data-widget_type=\"divider.default\">\n\t\t\t\t<div class=\"elementor-widget-container\">\n\t\t\t\t\t<div class=\"elementor-divider\">\n\t\t\t<span class=\"elementor-divider-separator\">\n\t\t\t\t\t\t<\/span>\n\t\t<\/div>\n\t\t\t\t<\/div>\n\t\t\t\t<\/div>\n\t\t\t\t<div class=\"elementor-element elementor-element-e8f6a6b elementor-widget elementor-widget-counter\" data-id=\"e8f6a6b\" data-element_type=\"widget\" data-widget_type=\"counter.default\">\n\t\t\t\t<div class=\"elementor-widget-container\">\n\t\t\t\t\t<div class=\"elementor-counter\">\n\t\t\t<div class=\"elementor-counter-title\">Dirigeants conseill\u00e9s<\/div>\t\t\t<div class=\"elementor-counter-number-wrapper\">\n\t\t\t\t<span class=\"elementor-counter-number-prefix\"><\/span>\n\t\t\t\t<span class=\"elementor-counter-number\" data-duration=\"2000\" data-to-value=\"425\" data-from-value=\"0\" data-delimiter=\",\">0<\/span>\n\t\t\t\t<span class=\"elementor-counter-number-suffix\"><\/span>\n\t\t\t<\/div>\n\t\t<\/div>\n\t\t\t\t<\/div>\n\t\t\t\t<\/div>\n\t\t\t\t<\/div>\n\t\t<div class=\"elementor-element elementor-element-e38ce75 e-con-full e-flex e-con e-child\" data-id=\"e38ce75\" data-element_type=\"container\">\n\t\t\t\t<div class=\"elementor-element elementor-element-5778b7c elementor-widget-divider--view-line elementor-widget elementor-widget-divider\" data-id=\"5778b7c\" data-element_type=\"widget\" data-widget_type=\"divider.default\">\n\t\t\t\t<div class=\"elementor-widget-container\">\n\t\t\t\t\t<div class=\"elementor-divider\">\n\t\t\t<span class=\"elementor-divider-separator\">\n\t\t\t\t\t\t<\/span>\n\t\t<\/div>\n\t\t\t\t<\/div>\n\t\t\t\t<\/div>\n\t\t\t\t<div class=\"elementor-element elementor-element-a70eda8 elementor-widget elementor-widget-counter\" data-id=\"a70eda8\" data-element_type=\"widget\" data-widget_type=\"counter.default\">\n\t\t\t\t<div class=\"elementor-widget-container\">\n\t\t\t\t\t<div class=\"elementor-counter\">\n\t\t\t<div class=\"elementor-counter-title\">Institutions accompagn\u00e9es<\/div>\t\t\t<div class=\"elementor-counter-number-wrapper\">\n\t\t\t\t<span class=\"elementor-counter-number-prefix\"><\/span>\n\t\t\t\t<span class=\"elementor-counter-number\" data-duration=\"2000\" data-to-value=\"12\" data-from-value=\"0\" data-delimiter=\",\">0<\/span>\n\t\t\t\t<span class=\"elementor-counter-number-suffix\"><\/span>\n\t\t\t<\/div>\n\t\t<\/div>\n\t\t\t\t<\/div>\n\t\t\t\t<\/div>\n\t\t\t\t<\/div>\n\t\t<div class=\"elementor-element elementor-element-2d4dc5e e-con-full e-flex e-con e-child\" data-id=\"2d4dc5e\" data-element_type=\"container\">\n\t\t\t\t<div class=\"elementor-element elementor-element-c8b6887 elementor-widget-divider--view-line elementor-widget elementor-widget-divider\" data-id=\"c8b6887\" data-element_type=\"widget\" data-widget_type=\"divider.default\">\n\t\t\t\t<div class=\"elementor-widget-container\">\n\t\t\t\t\t<div class=\"elementor-divider\">\n\t\t\t<span class=\"elementor-divider-separator\">\n\t\t\t\t\t\t<\/span>\n\t\t<\/div>\n\t\t\t\t<\/div>\n\t\t\t\t<\/div>\n\t\t\t\t<div class=\"elementor-element elementor-element-5482827 elementor-widget elementor-widget-counter\" data-id=\"5482827\" data-element_type=\"widget\" data-widget_type=\"counter.default\">\n\t\t\t\t<div class=\"elementor-widget-container\">\n\t\t\t\t\t<div class=\"elementor-counter\">\n\t\t\t<div class=\"elementor-counter-title\">Entretiens<\/div>\t\t\t<div class=\"elementor-counter-number-wrapper\">\n\t\t\t\t<span class=\"elementor-counter-number-prefix\"><\/span>\n\t\t\t\t<span class=\"elementor-counter-number\" data-duration=\"2000\" data-to-value=\"4852\" data-from-value=\"0\">0<\/span>\n\t\t\t\t<span class=\"elementor-counter-number-suffix\"><\/span>\n\t\t\t<\/div>\n\t\t<\/div>\n\t\t\t\t<\/div>\n\t\t\t\t<\/div>\n\t\t\t\t<\/div>\n\t\t\t\t<\/div>\n\t\t\t\t<\/div>\n\t\t<div class=\"elementor-element elementor-element-d8d8962 e-flex e-con-boxed e-con e-parent\" data-id=\"d8d8962\" data-element_type=\"container\" data-settings=\"{&quot;background_background&quot;:&quot;gradient&quot;}\">\n\t\t\t\t\t<div class=\"e-con-inner\">\n\t\t\t\t<div class=\"elementor-element elementor-element-7f5208c elementor-widget elementor-widget-heading\" data-id=\"7f5208c\" data-element_type=\"widget\" data-widget_type=\"heading.default\">\n\t\t\t\t<div class=\"elementor-widget-container\">\n\t\t\t<h2 class=\"elementor-heading-title elementor-size-default\">Ensemble, vers l'excellence<\/h2>\t\t<\/div>\n\t\t\t\t<\/div>\n\t\t\t\t<div class=\"elementor-element elementor-element-e5db3ba elementor-widget-divider--view-line elementor-widget elementor-widget-divider\" data-id=\"e5db3ba\" data-element_type=\"widget\" data-widget_type=\"divider.default\">\n\t\t\t\t<div class=\"elementor-widget-container\">\n\t\t\t\t\t<div class=\"elementor-divider\">\n\t\t\t<span class=\"elementor-divider-separator\">\n\t\t\t\t\t\t<\/span>\n\t\t<\/div>\n\t\t\t\t<\/div>\n\t\t\t\t<\/div>\n\t\t\t\t<div class=\"elementor-element elementor-element-fe30421 elementor-testimonial--skin-default elementor-testimonial--layout-image_inline elementor-testimonial--align-center elementor-pagination-type-bullets elementor-widget elementor-widget-testimonial-carousel\" data-id=\"fe30421\" data-element_type=\"widget\" data-settings=\"{&quot;_animation&quot;:&quot;none&quot;,&quot;pagination&quot;:&quot;bullets&quot;,&quot;speed&quot;:500,&quot;autoplay&quot;:&quot;yes&quot;,&quot;autoplay_speed&quot;:5000,&quot;loop&quot;:&quot;yes&quot;,&quot;pause_on_hover&quot;:&quot;yes&quot;,&quot;pause_on_interaction&quot;:&quot;yes&quot;,&quot;space_between&quot;:{&quot;unit&quot;:&quot;px&quot;,&quot;size&quot;:10,&quot;sizes&quot;:[]},&quot;space_between_tablet&quot;:{&quot;unit&quot;:&quot;px&quot;,&quot;size&quot;:10,&quot;sizes&quot;:[]},&quot;space_between_mobile&quot;:{&quot;unit&quot;:&quot;px&quot;,&quot;size&quot;:10,&quot;sizes&quot;:[]}}\" data-widget_type=\"testimonial-carousel.default\">\n\t\t\t\t<div class=\"elementor-widget-container\">\n\t\t\t\t\t<div class=\"elementor-swiper\">\n\t\t\t<div class=\"elementor-main-swiper swiper\">\n\t\t\t\t<div class=\"swiper-wrapper\">\n\t\t\t\t\t\t\t\t\t\t\t<div class=\"swiper-slide\">\n\t\t\t\t\t\t\t\t\t<div class=\"elementor-testimonial\">\n\t\t\t\t\t\t\t<div class=\"elementor-testimonial__content\">\n\t\t\t\t\t<div class=\"elementor-testimonial__text\">\n\t\t\t\t\t\t\u201cVotre succ\u00e8s est notre priorit\u00e9. Ensemble, nous franchirons chaque \u00e9tape avec d\u00e9termination et confiance, faisant de votre entreprise un lieu d'\u00e9panouissement p\u00e9renne, o\u00f9 le leadership, l'innovation et la collaboration sont les piliers de l'excellence.\u201d\t\t\t\t\t<\/div>\n\t\t\t\t\t\t\t\t\t<\/div>\n\t\t\t\t\t\t<div class=\"elementor-testimonial__footer\">\n\t\t\t\t\t\t\t\t<cite class=\"elementor-testimonial__cite\"><span class=\"elementor-testimonial__name\">Herve Granet<\/span><span class=\"elementor-testimonial__title\">coach certifi\u00e9<\/span><\/cite>\t\t\t<\/div>\n\t\t<\/div>\n\t\t\t\t\t\t\t\t<\/div>\n\t\t\t\t\t\t\t\t\t<\/div>\n\t\t\t\t\t\t\t<\/div>\n\t\t<\/div>\n\t\t\t\t<\/div>\n\t\t\t\t<\/div>\n\t\t\t\t\t<\/div>\n\t\t\t\t<\/div>\n\t\t\t\t<\/div>\n\t\t","protected":false},"excerpt":{"rendered":"<p>Partenaires AXENS Audit France d\u00e9fi Nouvelle vague Pol \u00e9thique Weeze HC NARLOT Exp\u00e9riences Dirigeants conseill\u00e9s 0 Institutions accompagn\u00e9es 0 Entretiens 0 Ensemble, vers l&rsquo;excellence \u201cVotre succ\u00e8s est notre priorit\u00e9. Ensemble, nous franchirons chaque \u00e9tape avec d\u00e9termination et confiance, faisant de votre entreprise un lieu d&rsquo;\u00e9panouissement p\u00e9renne, o\u00f9 le leadership, l&rsquo;innovation et la collaboration sont les&#8230;<\/p>\n","protected":false},"author":1,"featured_media":0,"parent":0,"menu_order":0,"comment_status":"closed","ping_status":"closed","template":"","meta":{"_kad_post_transparent":"","_kad_post_title":"hide","_kad_post_layout":"fullwidth","_kad_post_sidebar_id":"","_kad_post_content_style":"unboxed","_kad_post_vertical_padding":"hide","_kad_post_feature":"hide","_kad_post_feature_position":"","_kad_post_header":false,"_kad_post_footer":false,"footnotes":""},"class_list":["post-2065","page","type-page","status-publish","hentry"],"_links":{"self":[{"href":"https:\/\/www.gentleminds.fr\/index.php\/wp-json\/wp\/v2\/pages\/2065","targetHints":{"allow":["GET"]}}],"collection":[{"href":"https:\/\/www.gentleminds.fr\/index.php\/wp-json\/wp\/v2\/pages"}],"about":[{"href":"https:\/\/www.gentleminds.fr\/index.php\/wp-json\/wp\/v2\/types\/page"}],"author":[{"embeddable":true,"href":"https:\/\/www.gentleminds.fr\/index.php\/wp-json\/wp\/v2\/users\/1"}],"replies":[{"embeddable":true,"href":"https:\/\/www.gentleminds.fr\/index.php\/wp-json\/wp\/v2\/comments?post=2065"}],"version-history":[{"count":20,"href":"https:\/\/www.gentleminds.fr\/index.php\/wp-json\/wp\/v2\/pages\/2065\/revisions"}],"predecessor-version":[{"id":2175,"href":"https:\/\/www.gentleminds.fr\/index.php\/wp-json\/wp\/v2\/pages\/2065\/revisions\/2175"}],"wp:attachment":[{"href":"https:\/\/www.gentleminds.fr\/index.php\/wp-json\/wp\/v2\/media?parent=2065"}],"curies":[{"name":"wp","href":"https:\/\/api.w.org\/{rel}","templated":true}]}}