{"id":1103,"date":"2024-06-04T15:04:44","date_gmt":"2024-06-04T13:04:44","guid":{"rendered":"https:\/\/www.gentleminds.fr\/?page_id=1103"},"modified":"2024-11-21T09:28:22","modified_gmt":"2024-11-21T08:28:22","slug":"partenaires","status":"publish","type":"page","link":"https:\/\/www.gentleminds.fr\/index.php\/partenaires\/","title":{"rendered":"Partenaires"},"content":{"rendered":"\t\t<div data-elementor-type=\"wp-page\" data-elementor-id=\"1103\" class=\"elementor elementor-1103\" data-elementor-post-type=\"page\">\n\t\t\t\t<div class=\"elementor-element elementor-element-1b4fa6b e-flex e-con-boxed e-con e-parent\" data-id=\"1b4fa6b\" data-element_type=\"container\" data-settings=\"{&quot;background_background&quot;:&quot;classic&quot;}\">\n\t\t\t\t\t<div class=\"e-con-inner\">\n\t\t\t\t<div class=\"elementor-element elementor-element-6cda853 animated-slow elementor-invisible elementor-widget elementor-widget-heading\" data-id=\"6cda853\" data-element_type=\"widget\" data-settings=\"{&quot;_animation&quot;:&quot;slideInUp&quot;}\" data-widget_type=\"heading.default\">\n\t\t\t\t<div class=\"elementor-widget-container\">\n\t\t\t<h2 class=\"elementor-heading-title elementor-size-default\">Partenaires<\/h2>\t\t<\/div>\n\t\t\t\t<\/div>\n\t\t\t\t\t<\/div>\n\t\t\t\t<\/div>\n\t\t<div class=\"elementor-element elementor-element-272bdff e-flex e-con-boxed e-con e-parent\" data-id=\"272bdff\" data-element_type=\"container\" data-settings=\"{&quot;background_background&quot;:&quot;classic&quot;}\">\n\t\t\t\t\t<div class=\"e-con-inner\">\n\t\t\t\t<div class=\"elementor-element elementor-element-7a6aa6f elementor-widget__width-inherit elementor-widget-mobile__width-inherit elementor-widget elementor-widget-image-carousel\" data-id=\"7a6aa6f\" data-element_type=\"widget\" data-settings=\"{&quot;slides_to_show&quot;:&quot;5&quot;,&quot;slides_to_scroll&quot;:&quot;1&quot;,&quot;navigation&quot;:&quot;none&quot;,&quot;pause_on_hover&quot;:&quot;no&quot;,&quot;pause_on_interaction&quot;:&quot;no&quot;,&quot;autoplay_speed&quot;:4000,&quot;image_spacing_custom&quot;:{&quot;unit&quot;:&quot;px&quot;,&quot;size&quot;:100,&quot;sizes&quot;:[]},&quot;slides_to_show_tablet&quot;:&quot;3&quot;,&quot;slides_to_show_mobile&quot;:&quot;2&quot;,&quot;autoplay&quot;:&quot;yes&quot;,&quot;infinite&quot;:&quot;yes&quot;,&quot;speed&quot;:500,&quot;image_spacing_custom_tablet&quot;:{&quot;unit&quot;:&quot;px&quot;,&quot;size&quot;:&quot;&quot;,&quot;sizes&quot;:[]},&quot;image_spacing_custom_mobile&quot;:{&quot;unit&quot;:&quot;px&quot;,&quot;size&quot;:&quot;&quot;,&quot;sizes&quot;:[]}}\" data-widget_type=\"image-carousel.default\">\n\t\t\t\t<div class=\"elementor-widget-container\">\n\t\t\t\t\t<div class=\"elementor-image-carousel-wrapper swiper\" dir=\"ltr\">\n\t\t\t<div class=\"elementor-image-carousel swiper-wrapper\" aria-live=\"off\">\n\t\t\t\t\t\t\t\t<div class=\"swiper-slide\" role=\"group\" aria-roledescription=\"slide\" aria-label=\"1 sur 7\"><a data-elementor-open-lightbox=\"yes\" data-elementor-lightbox-slideshow=\"7a6aa6f\" data-elementor-lightbox-title=\"axens-audit\" data-e-action-hash=\"#elementor-action%3Aaction%3Dlightbox%26settings%3DeyJpZCI6MTg4MiwidXJsIjoiaHR0cHM6XC9cL3d3dy5nZW50bGVtaW5kcy5mclwvd3AtY29udGVudFwvdXBsb2Fkc1wvMjAyNFwvMTBcL2F4ZW5zLWF1ZGl0LnBuZyIsInNsaWRlc2hvdyI6IjdhNmFhNmYifQ%3D%3D\" href=\"https:\/\/www.gentleminds.fr\/index.php\/partenaires-et-experiences\/\"><figure class=\"swiper-slide-inner\"><img decoding=\"async\" class=\"swiper-slide-image\" src=\"https:\/\/www.gentleminds.fr\/wp-content\/uploads\/2024\/10\/axens-audit-150x150.png\" alt=\"\" \/><\/figure><\/a><\/div><div class=\"swiper-slide\" role=\"group\" aria-roledescription=\"slide\" aria-label=\"2 sur 7\"><a data-elementor-open-lightbox=\"yes\" data-elementor-lightbox-slideshow=\"7a6aa6f\" data-elementor-lightbox-title=\"France D\u00e9fi\" data-e-action-hash=\"#elementor-action%3Aaction%3Dlightbox%26settings%3DeyJpZCI6MTE5OCwidXJsIjoiaHR0cHM6XC9cL3d3dy5nZW50bGVtaW5kcy5mclwvd3AtY29udGVudFwvdXBsb2Fkc1wvMjAyNFwvMDZcL2ltYWdlcy5wbmciLCJzbGlkZXNob3ciOiI3YTZhYTZmIn0%3D\" href=\"https:\/\/www.gentleminds.fr\/index.php\/partenaires-et-experiences\/\"><figure class=\"swiper-slide-inner\"><img decoding=\"async\" class=\"swiper-slide-image\" src=\"https:\/\/www.gentleminds.fr\/wp-content\/uploads\/2024\/06\/images-150x150.png\" alt=\"France D\u00e9fi\" \/><\/figure><\/a><\/div><div class=\"swiper-slide\" role=\"group\" aria-roledescription=\"slide\" aria-label=\"3 sur 7\"><a data-elementor-open-lightbox=\"yes\" data-elementor-lightbox-slideshow=\"7a6aa6f\" data-elementor-lightbox-title=\"HC Humanitas Coaching\" data-e-action-hash=\"#elementor-action%3Aaction%3Dlightbox%26settings%3DeyJpZCI6MTg3MSwidXJsIjoiaHR0cHM6XC9cL3d3dy5nZW50bGVtaW5kcy5mclwvd3AtY29udGVudFwvdXBsb2Fkc1wvMjAyNFwvMTBcL0hDLUh1bWFuaXRhcy1Db2FjaGluZy0xLmpwZyIsInNsaWRlc2hvdyI6IjdhNmFhNmYifQ%3D%3D\" href=\"https:\/\/www.gentleminds.fr\/index.php\/partenaires-et-experiences\/\"><figure class=\"swiper-slide-inner\"><img decoding=\"async\" class=\"swiper-slide-image\" src=\"https:\/\/www.gentleminds.fr\/wp-content\/uploads\/2024\/10\/HC-Humanitas-Coaching-1-150x150.jpg\" alt=\"\" \/><\/figure><\/a><\/div><div class=\"swiper-slide\" role=\"group\" aria-roledescription=\"slide\" aria-label=\"4 sur 7\"><a data-elementor-open-lightbox=\"yes\" data-elementor-lightbox-slideshow=\"7a6aa6f\" data-elementor-lightbox-title=\"Pol \u00e9thique\" data-e-action-hash=\"#elementor-action%3Aaction%3Dlightbox%26settings%3DeyJpZCI6MTc3MywidXJsIjoiaHR0cHM6XC9cL3d3dy5nZW50bGVtaW5kcy5mclwvd3AtY29udGVudFwvdXBsb2Fkc1wvMjAyNFwvMDlcL1BvbC1ldGhpcXVlLmpwZyIsInNsaWRlc2hvdyI6IjdhNmFhNmYifQ%3D%3D\" href=\"https:\/\/www.gentleminds.fr\/index.php\/partenaires-et-experiences\/\"><figure class=\"swiper-slide-inner\"><img decoding=\"async\" class=\"swiper-slide-image\" src=\"https:\/\/www.gentleminds.fr\/wp-content\/uploads\/2024\/09\/Pol-ethique-150x150.jpg\" alt=\"\" \/><\/figure><\/a><\/div><div class=\"swiper-slide\" role=\"group\" aria-roledescription=\"slide\" aria-label=\"5 sur 7\"><a data-elementor-open-lightbox=\"yes\" data-elementor-lightbox-slideshow=\"7a6aa6f\" data-elementor-lightbox-title=\"Weezecc\" data-e-action-hash=\"#elementor-action%3Aaction%3Dlightbox%26settings%3DeyJpZCI6MTg2OSwidXJsIjoiaHR0cHM6XC9cL3d3dy5nZW50bGVtaW5kcy5mclwvd3AtY29udGVudFwvdXBsb2Fkc1wvMjAyNFwvMTBcL1dlZXplY2MucG5nIiwic2xpZGVzaG93IjoiN2E2YWE2ZiJ9\" href=\"https:\/\/www.gentleminds.fr\/index.php\/partenaires-et-experiences\/\"><figure class=\"swiper-slide-inner\"><img decoding=\"async\" class=\"swiper-slide-image\" src=\"https:\/\/www.gentleminds.fr\/wp-content\/uploads\/2024\/10\/Weezecc-150x150.png\" alt=\"\" \/><\/figure><\/a><\/div><div class=\"swiper-slide\" role=\"group\" aria-roledescription=\"slide\" aria-label=\"6 sur 7\"><a data-elementor-open-lightbox=\"yes\" data-elementor-lightbox-slideshow=\"7a6aa6f\" data-elementor-lightbox-title=\"nouvelle_vague_collectif\" data-e-action-hash=\"#elementor-action%3Aaction%3Dlightbox%26settings%3DeyJpZCI6MTE3MSwidXJsIjoiaHR0cHM6XC9cL3d3dy5nZW50bGVtaW5kcy5mclwvd3AtY29udGVudFwvdXBsb2Fkc1wvMjAyNFwvMDZcL25vdXZlbGxlX3ZhZ3VlX2NvbGxlY3RpZi5qcGciLCJzbGlkZXNob3ciOiI3YTZhYTZmIn0%3D\" href=\"https:\/\/www.gentleminds.fr\/index.php\/partenaires-et-experiences\/\"><figure class=\"swiper-slide-inner\"><img decoding=\"async\" class=\"swiper-slide-image\" src=\"https:\/\/www.gentleminds.fr\/wp-content\/uploads\/2024\/06\/nouvelle_vague_collectif-150x150.jpg\" alt=\"nouvelle-vague-collectif\" \/><\/figure><\/a><\/div><div class=\"swiper-slide\" role=\"group\" aria-roledescription=\"slide\" aria-label=\"7 sur 7\"><a data-elementor-open-lightbox=\"yes\" data-elementor-lightbox-slideshow=\"7a6aa6f\" data-elementor-lightbox-title=\"NARLOT\" data-e-action-hash=\"#elementor-action%3Aaction%3Dlightbox%26settings%3DeyJpZCI6MTg1NywidXJsIjoiaHR0cHM6XC9cL3d3dy5nZW50bGVtaW5kcy5mclwvd3AtY29udGVudFwvdXBsb2Fkc1wvMjAyNFwvMDlcL05BUkxPVC5wbmciLCJzbGlkZXNob3ciOiI3YTZhYTZmIn0%3D\" href=\"https:\/\/www.gentleminds.fr\/index.php\/partenaires-et-experiences\/\"><figure class=\"swiper-slide-inner\"><img decoding=\"async\" class=\"swiper-slide-image\" src=\"https:\/\/www.gentleminds.fr\/wp-content\/uploads\/2024\/09\/NARLOT-150x150.png\" alt=\"\" \/><\/figure><\/a><\/div>\t\t\t<\/div>\n\t\t\t\t\t\t\t\n\t\t\t\t\t\t\t\t\t<\/div>\n\t\t\t\t<\/div>\n\t\t\t\t<\/div>\n\t\t\t\t\t<\/div>\n\t\t\t\t<\/div>\n\t\t<div class=\"elementor-element elementor-element-1570fa59 e-con-full e-flex e-con e-parent\" data-id=\"1570fa59\" data-element_type=\"container\" data-settings=\"{&quot;background_background&quot;:&quot;classic&quot;}\">\n\t\t\t\t<div class=\"elementor-element elementor-element-5efa8c52 animated-slow elementor-invisible elementor-widget elementor-widget-heading\" data-id=\"5efa8c52\" data-element_type=\"widget\" data-settings=\"{&quot;_animation&quot;:&quot;slideInUp&quot;}\" data-widget_type=\"heading.default\">\n\t\t\t\t<div class=\"elementor-widget-container\">\n\t\t\t<h2 class=\"elementor-heading-title elementor-size-default\">Exp\u00e9riences<\/h2>\t\t<\/div>\n\t\t\t\t<\/div>\n\t\t<div class=\"elementor-element elementor-element-49fd2537 e-con-full e-flex e-con e-child\" data-id=\"49fd2537\" data-element_type=\"container\">\n\t\t<div class=\"elementor-element elementor-element-23326b6 e-con-full e-flex e-con e-child\" data-id=\"23326b6\" data-element_type=\"container\">\n\t\t\t\t<div class=\"elementor-element elementor-element-9279904 elementor-widget-divider--view-line elementor-widget elementor-widget-divider\" data-id=\"9279904\" data-element_type=\"widget\" data-widget_type=\"divider.default\">\n\t\t\t\t<div class=\"elementor-widget-container\">\n\t\t\t\t\t<div class=\"elementor-divider\">\n\t\t\t<span class=\"elementor-divider-separator\">\n\t\t\t\t\t\t<\/span>\n\t\t<\/div>\n\t\t\t\t<\/div>\n\t\t\t\t<\/div>\n\t\t\t\t<div class=\"elementor-element elementor-element-9dd9ad2 elementor-widget elementor-widget-counter\" data-id=\"9dd9ad2\" data-element_type=\"widget\" data-widget_type=\"counter.default\">\n\t\t\t\t<div class=\"elementor-widget-container\">\n\t\t\t\t\t<div class=\"elementor-counter\">\n\t\t\t<div class=\"elementor-counter-title\">Dirigeants conseill\u00e9s<\/div>\t\t\t<div class=\"elementor-counter-number-wrapper\">\n\t\t\t\t<span class=\"elementor-counter-number-prefix\"><\/span>\n\t\t\t\t<span class=\"elementor-counter-number\" data-duration=\"2000\" data-to-value=\"425\" data-from-value=\"0\" data-delimiter=\",\">0<\/span>\n\t\t\t\t<span class=\"elementor-counter-number-suffix\"><\/span>\n\t\t\t<\/div>\n\t\t<\/div>\n\t\t\t\t<\/div>\n\t\t\t\t<\/div>\n\t\t\t\t<\/div>\n\t\t<div class=\"elementor-element elementor-element-9bda2aa e-con-full e-flex e-con e-child\" data-id=\"9bda2aa\" data-element_type=\"container\">\n\t\t\t\t<div class=\"elementor-element elementor-element-9e568ba elementor-widget-divider--view-line elementor-widget elementor-widget-divider\" data-id=\"9e568ba\" data-element_type=\"widget\" data-widget_type=\"divider.default\">\n\t\t\t\t<div class=\"elementor-widget-container\">\n\t\t\t\t\t<div class=\"elementor-divider\">\n\t\t\t<span class=\"elementor-divider-separator\">\n\t\t\t\t\t\t<\/span>\n\t\t<\/div>\n\t\t\t\t<\/div>\n\t\t\t\t<\/div>\n\t\t\t\t<div class=\"elementor-element elementor-element-ee3fc55 elementor-widget elementor-widget-counter\" data-id=\"ee3fc55\" data-element_type=\"widget\" data-widget_type=\"counter.default\">\n\t\t\t\t<div class=\"elementor-widget-container\">\n\t\t\t\t\t<div class=\"elementor-counter\">\n\t\t\t<div class=\"elementor-counter-title\">Institutions accompagn\u00e9es<\/div>\t\t\t<div class=\"elementor-counter-number-wrapper\">\n\t\t\t\t<span class=\"elementor-counter-number-prefix\"><\/span>\n\t\t\t\t<span class=\"elementor-counter-number\" data-duration=\"2000\" data-to-value=\"12\" data-from-value=\"0\" data-delimiter=\",\">0<\/span>\n\t\t\t\t<span class=\"elementor-counter-number-suffix\"><\/span>\n\t\t\t<\/div>\n\t\t<\/div>\n\t\t\t\t<\/div>\n\t\t\t\t<\/div>\n\t\t\t\t<\/div>\n\t\t<div class=\"elementor-element elementor-element-4d852e04 e-con-full e-flex e-con e-child\" data-id=\"4d852e04\" data-element_type=\"container\">\n\t\t\t\t<div class=\"elementor-element elementor-element-111591c6 elementor-widget-divider--view-line elementor-widget elementor-widget-divider\" data-id=\"111591c6\" data-element_type=\"widget\" data-widget_type=\"divider.default\">\n\t\t\t\t<div class=\"elementor-widget-container\">\n\t\t\t\t\t<div class=\"elementor-divider\">\n\t\t\t<span class=\"elementor-divider-separator\">\n\t\t\t\t\t\t<\/span>\n\t\t<\/div>\n\t\t\t\t<\/div>\n\t\t\t\t<\/div>\n\t\t\t\t<div class=\"elementor-element elementor-element-4ea9c224 elementor-widget elementor-widget-counter\" data-id=\"4ea9c224\" data-element_type=\"widget\" data-widget_type=\"counter.default\">\n\t\t\t\t<div class=\"elementor-widget-container\">\n\t\t\t\t\t<div class=\"elementor-counter\">\n\t\t\t<div class=\"elementor-counter-title\">Entretiens r\u00e9alis\u00e9s<\/div>\t\t\t<div class=\"elementor-counter-number-wrapper\">\n\t\t\t\t<span class=\"elementor-counter-number-prefix\"><\/span>\n\t\t\t\t<span class=\"elementor-counter-number\" data-duration=\"2000\" data-to-value=\"4852\" data-from-value=\"0\">0<\/span>\n\t\t\t\t<span class=\"elementor-counter-number-suffix\"><\/span>\n\t\t\t<\/div>\n\t\t<\/div>\n\t\t\t\t<\/div>\n\t\t\t\t<\/div>\n\t\t\t\t<\/div>\n\t\t\t\t<\/div>\n\t\t\t\t<\/div>\n\t\t<div class=\"elementor-element elementor-element-b8c4bb8 e-flex e-con-boxed e-con e-parent\" data-id=\"b8c4bb8\" data-element_type=\"container\" data-settings=\"{&quot;background_background&quot;:&quot;gradient&quot;}\">\n\t\t\t\t\t<div class=\"e-con-inner\">\n\t\t\t\t<div class=\"elementor-element elementor-element-5391ba5 elementor-widget elementor-widget-heading\" data-id=\"5391ba5\" data-element_type=\"widget\" data-widget_type=\"heading.default\">\n\t\t\t\t<div class=\"elementor-widget-container\">\n\t\t\t<h2 class=\"elementor-heading-title elementor-size-default\">Ensemble, vers l'excellence<\/h2>\t\t<\/div>\n\t\t\t\t<\/div>\n\t\t\t\t<div class=\"elementor-element elementor-element-017a4ad elementor-widget-divider--view-line elementor-widget elementor-widget-divider\" data-id=\"017a4ad\" data-element_type=\"widget\" data-widget_type=\"divider.default\">\n\t\t\t\t<div class=\"elementor-widget-container\">\n\t\t\t\t\t<div class=\"elementor-divider\">\n\t\t\t<span class=\"elementor-divider-separator\">\n\t\t\t\t\t\t<\/span>\n\t\t<\/div>\n\t\t\t\t<\/div>\n\t\t\t\t<\/div>\n\t\t\t\t<div class=\"elementor-element elementor-element-7fe2f2f elementor-testimonial--skin-default elementor-testimonial--layout-image_inline elementor-testimonial--align-center elementor-pagination-type-bullets elementor-widget elementor-widget-testimonial-carousel\" data-id=\"7fe2f2f\" data-element_type=\"widget\" data-settings=\"{&quot;_animation&quot;:&quot;none&quot;,&quot;pagination&quot;:&quot;bullets&quot;,&quot;speed&quot;:500,&quot;autoplay&quot;:&quot;yes&quot;,&quot;autoplay_speed&quot;:5000,&quot;loop&quot;:&quot;yes&quot;,&quot;pause_on_hover&quot;:&quot;yes&quot;,&quot;pause_on_interaction&quot;:&quot;yes&quot;,&quot;space_between&quot;:{&quot;unit&quot;:&quot;px&quot;,&quot;size&quot;:10,&quot;sizes&quot;:[]},&quot;space_between_tablet&quot;:{&quot;unit&quot;:&quot;px&quot;,&quot;size&quot;:10,&quot;sizes&quot;:[]},&quot;space_between_mobile&quot;:{&quot;unit&quot;:&quot;px&quot;,&quot;size&quot;:10,&quot;sizes&quot;:[]}}\" data-widget_type=\"testimonial-carousel.default\">\n\t\t\t\t<div class=\"elementor-widget-container\">\n\t\t\t\t\t<div class=\"elementor-swiper\">\n\t\t\t<div class=\"elementor-main-swiper swiper\">\n\t\t\t\t<div class=\"swiper-wrapper\">\n\t\t\t\t\t\t\t\t\t\t\t<div class=\"swiper-slide\">\n\t\t\t\t\t\t\t\t\t<div class=\"elementor-testimonial\">\n\t\t\t\t\t\t\t<div class=\"elementor-testimonial__content\">\n\t\t\t\t\t<div class=\"elementor-testimonial__text\">\n\t\t\t\t\t\t\u201cVotre succ\u00e8s est notre priorit\u00e9. Ensemble, nous franchirons chaque \u00e9tape avec d\u00e9termination et confiance, faisant de votre entreprise un lieu d'\u00e9panouissement p\u00e9renne, o\u00f9 le leadership, l'innovation et la collaboration sont les piliers de l'excellence.\u201d\t\t\t\t\t<\/div>\n\t\t\t\t\t\t\t\t\t<\/div>\n\t\t\t\t\t\t<div class=\"elementor-testimonial__footer\">\n\t\t\t\t\t\t\t\t<cite class=\"elementor-testimonial__cite\"><span class=\"elementor-testimonial__name\">Herve Granet<\/span><span class=\"elementor-testimonial__title\">coach certifi\u00e9<\/span><\/cite>\t\t\t<\/div>\n\t\t<\/div>\n\t\t\t\t\t\t\t\t<\/div>\n\t\t\t\t\t\t\t\t\t<\/div>\n\t\t\t\t\t\t\t<\/div>\n\t\t<\/div>\n\t\t\t\t<\/div>\n\t\t\t\t<\/div>\n\t\t\t\t\t<\/div>\n\t\t\t\t<\/div>\n\t\t\t\t<\/div>\n\t\t","protected":false},"excerpt":{"rendered":"<p>Partenaires AXENS Audit France d\u00e9fi HC Pol \u00e9thique Weeze Nouvelle vague NARLOT Exp\u00e9riences Dirigeants conseill\u00e9s 0 Institutions accompagn\u00e9es 0 Entretiens r\u00e9alis\u00e9s 0 Ensemble, vers l&rsquo;excellence \u201cVotre succ\u00e8s est notre priorit\u00e9. Ensemble, nous franchirons chaque \u00e9tape avec d\u00e9termination et confiance, faisant de votre entreprise un lieu d&rsquo;\u00e9panouissement p\u00e9renne, o\u00f9 le leadership, l&rsquo;innovation et la collaboration sont&#8230;<\/p>\n","protected":false},"author":1,"featured_media":0,"parent":0,"menu_order":0,"comment_status":"closed","ping_status":"closed","template":"","meta":{"_kad_post_transparent":"","_kad_post_title":"hide","_kad_post_layout":"fullwidth","_kad_post_sidebar_id":"","_kad_post_content_style":"unboxed","_kad_post_vertical_padding":"hide","_kad_post_feature":"hide","_kad_post_feature_position":"","_kad_post_header":false,"_kad_post_footer":false,"footnotes":""},"class_list":["post-1103","page","type-page","status-publish","hentry"],"_links":{"self":[{"href":"https:\/\/www.gentleminds.fr\/index.php\/wp-json\/wp\/v2\/pages\/1103","targetHints":{"allow":["GET"]}}],"collection":[{"href":"https:\/\/www.gentleminds.fr\/index.php\/wp-json\/wp\/v2\/pages"}],"about":[{"href":"https:\/\/www.gentleminds.fr\/index.php\/wp-json\/wp\/v2\/types\/page"}],"author":[{"embeddable":true,"href":"https:\/\/www.gentleminds.fr\/index.php\/wp-json\/wp\/v2\/users\/1"}],"replies":[{"embeddable":true,"href":"https:\/\/www.gentleminds.fr\/index.php\/wp-json\/wp\/v2\/comments?post=1103"}],"version-history":[{"count":370,"href":"https:\/\/www.gentleminds.fr\/index.php\/wp-json\/wp\/v2\/pages\/1103\/revisions"}],"predecessor-version":[{"id":2178,"href":"https:\/\/www.gentleminds.fr\/index.php\/wp-json\/wp\/v2\/pages\/1103\/revisions\/2178"}],"wp:attachment":[{"href":"https:\/\/www.gentleminds.fr\/index.php\/wp-json\/wp\/v2\/media?parent=1103"}],"curies":[{"name":"wp","href":"https:\/\/api.w.org\/{rel}","templated":true}]}}